{"id":23,"date":"2022-08-22T14:21:58","date_gmt":"2022-08-22T14:21:58","guid":{"rendered":"https:\/\/ocean-rebellion.onyx-sites.io\/?page_id=23"},"modified":"2022-10-26T19:40:34","modified_gmt":"2022-10-26T19:40:34","slug":"support-us","status":"publish","type":"page","link":"https:\/\/oceanrebellion.earth\/pt\/support-us\/","title":{"rendered":"Apoie-nos"},"content":{"rendered":"<p><strong>O destino do Oceano depende de todos n\u00f3s.<\/strong><br>O que fazemos, todas as nossas interven\u00e7\u00f5es, obras de arte e performances dependem do vosso apoio.\u00a0<strong>Por favor, ajude-nos a virar a mar\u00e9.<\/strong><\/p>\n\n\n\t<div id=\"give-form-157-wrap\" class=\"give-form-wrap give-display-onpage give-recurring-form-wrap give-recurring-form-donor\">\n\t\t\t\t\t<form id=\"give-form-157-1\" class=\"give-form give-form-157 give-form-type-multi give-recurring-form\" action=\"https:\/\/oceanrebellion.earth\/pt\/wp-json\/wp\/v2\/pages\/23\/?payment-mode=stripe&#038;form-id=157\" data-id=\"157-1\" data-currency_symbol=\"&pound;\" data-currency_code=\"GBP\" data-currency_position=\"before\" data-thousands_separator=\",\" data-decimal_separator=\".\" data-number_decimals=\"0\" data-publishable-key=\"pk_live_51Lax3FAM88sutpI4lLI2ODvHlvHhTfhOk5Ad0g7CDnm3QIfvSFcaHbot0z10qlTbV6LgmWn8pumkF3WIzD2LlSkz00XnK2xNEV\" data-account=\"acct_1Lax3FAM88sutpI4\" method=\"post\" data-trp-original-action=\"https:\/\/oceanrebellion.earth\/pt\/wp-json\/wp\/v2\/pages\/23\/?payment-mode=stripe&form-id=157\">\n\t\t\t\t<!-- The following field is for robots only, invisible to humans: -->\n\t\t\t\t<span class=\"give-hidden\" style=\"display: none !important;\">\n\t\t\t\t\t<label for=\"give-form-honeypot-157\"><\/label>\n\t\t\t\t\t<input id=\"give-form-honeypot-157\" type=\"text\" name=\"give-honeypot\"\n\t\t\t\t\t\t   class=\"give-honeypot give-hidden\"\/>\n\t\t\t\t<\/span>\n\n\t\t\t\t\t<input type=\"hidden\" name=\"give-form-id-prefix\" value=\"157-1\"\/>\n\t<input type=\"hidden\" name=\"give-form-id\" value=\"157\"\/>\n\t<input type=\"hidden\" name=\"give-form-title\" value=\"Donation form\"\/>\n\t<input type=\"hidden\" name=\"give-current-url\" value=\"https:\/\/oceanrebellion.earth\/pt\/wp-json\/wp\/v2\/pages\/23\/\"\/>\n\t<input type=\"hidden\" name=\"give-form-url\" value=\"https:\/\/oceanrebellion.earth\/pt\/wp-json\/wp\/v2\/pages\/23\/\"\/>\n\t\t\t<input type=\"hidden\" name=\"give-form-minimum\"\n\t\t\t   value=\"5\"\/>\n\t\t<input type=\"hidden\" name=\"give-form-maximum\"\n\t\t\t   value=\"1000000\"\/>\n\t\t<input type=\"hidden\"  name=\"give-form-hash\" value=\"a2b9dade04\" data-time=\"1775731138\" data-nonce-life=\"86400\" data-donor-session=\"0\"\/><input type=\"hidden\" name=\"give-price-id\" value=\"2\"\/>\t<input type=\"hidden\" name=\"give-recurring-logged-in-only\"\n\t\t   class=\"give-recurring-logged-in-only\"\n\t\t   value=\"\"\/>\n\n\t<input type=\"hidden\" name=\"give-logged-in-only\"\n\t\t   class=\"give-logged-in-only\"\n\t\t   value=\"1\"\/>\n<input\n\t\t\t\t\ttype=\"hidden\"\n\t\t\t\t\tname=\"_give_is_donation_recurring\"\n\t\t\t\t\tclass=\"_give_is_donation_recurring\"\n\t\t\t\t\tid=\"_give_is_donation_recurring\"\n\t\t\t\t\tvalue=\"0\"\n\t\t\t\t\tdata-_give_recurring=\"yes_donor\"\n\t\t\t\t\tdata-_give_checkbox_default=\"no\"\n                    data-_give_price_option=\"\"\n                \/><input\n\t\t\t\t\ttype=\"hidden\"\n\t\t\t\t\tname=\"give_recurring_donation_details\"\n\t\t\t\t\tclass=\"give_recurring_donation_details\"\n\t\t\t\t\tid=\"give_recurring_donation_details\"\n\t\t\t\t\tvalue=\"{&quot;give_recurring_option&quot;:&quot;yes_donor&quot;}\"\n                \/>\t\t<div class=\"give-total-wrap\">\n\t\t\t<div class=\"give-donation-amount form-row-wide\">\n\t\t\t\t<span class=\"give-currency-symbol give-currency-position-before\">\u00a3<\/span>\t\t\t\t<label class=\"give-hidden\" for=\"give-amount\">Montante da Doa\u00e7\u00e3o:<\/label>\n\t\t\t\t<input class=\"give-text-input give-amount-top\" id=\"give-amount\" name=\"give-amount\" type=\"text\" inputmode=\"decimal\"\n\t\t\t\t\t   placeholder=\"\" value=\"25\" autocomplete=\"off\">\n\t\t\t\t\t\t\t<\/div>\n\t\t<\/div>\n\t\t<ul id=\"give-donation-level-button-wrap\" class=\"give-donation-levels-wrap give-list-inline\"><li><button type=\"button\" data-price-id=\"0\" class=\"give-donation-level-btn give-btn give-btn-level-0\" value=\"5\" data-default=\"0\">\u00a35<\/button><\/li><li><button type=\"button\" data-price-id=\"1\" class=\"give-donation-level-btn give-btn give-btn-level-1\" value=\"10\" data-default=\"0\">\u00a310<\/button><\/li><li><button type=\"button\" data-price-id=\"2\" class=\"give-donation-level-btn give-btn give-btn-level-2 give-default-level\" value=\"25\" data-default=\"1\">\u00a325<\/button><\/li><li><button type=\"button\" data-price-id=\"3\" class=\"give-donation-level-btn give-btn give-btn-level-3\" value=\"50\" data-default=\"0\">\u00a350<\/button><\/li><li><button type=\"button\" data-price-id=\"5\" class=\"give-donation-level-btn give-btn give-btn-level-5\" value=\"100\" data-default=\"0\">\u00a3100<\/button><\/li><li><button type=\"button\" data-price-id=\"custom\" class=\"give-donation-level-btn give-btn give-btn-level-custom\" value=\"custom\">Quantia personalizada<\/button><\/li><\/ul>\t<div class=\"give-recurring-donors-choice\">\n\t\t<input id=\"give-donors_choice-157\" class=\"give-recurring-period\" name=\"give-recurring-period\" type=\"checkbox\" data-period-label=\"Monthly\" data-period=\"month\" data-interval=\"1\"  \/> <label for=\"give-donors_choice-157\">Fa\u00e7a esta doa\u00e7\u00e3o a cada <select class=\"give-recurring-donors-choice-period\" name=\"give-recurring-period-donors-choice\"><option value=\"day\" >dia<\/option><option value=\"week\" >semana<\/option><option value=\"month\"  selected>m\u00eas<\/option><option value=\"quarter\" >trimestre<\/option><option value=\"year\" >ano<\/option><\/select><\/label>\t<\/div>\n\t<input id=\"give-stripe-payment-method-157-1\" type=\"hidden\" name=\"give_stripe_payment_method\" value=\"\">\n\t<fieldset id=\"give-payment-mode-select\" style=\"display: none;\">\n\t\t\t\t<legend\n\t\t\tclass=\"give-payment-mode-label\">Seleccione o m\u00e9todo de pagamento\t\t\t<span class=\"give-loading-text\"><span\n\t\t\t\t\tclass=\"give-loading-animation\"><\/span>\n\t\t\t<\/span>\n\t\t<\/legend>\n\n\t\t<div id=\"give-payment-mode-wrap\">\n\t\t\t\t\t\t<ul id=\"give-gateway-radio-list\">\n\t\t\t\t\t\t\t\t\t\t<li class=\"give-gateway-option-selected\">\n\t\t\t\t\t\t\t<input type=\"radio\" name=\"payment-mode\" class=\"give-gateway\"\n\t\t\t\t\t\t\t\t   id=\"give-gateway-stripe-157-1\"\n\t\t\t\t\t\t\t\t   value=\"stripe\" checked='checked'>\n\t\t\t\t\t\t\t<label for=\"give-gateway-stripe-157-1\"\n\t\t\t\t\t\t\t\t   class=\"give-gateway-option\"\n\t\t\t\t\t\t\t\t   id=\"give-gateway-option-stripe\"> Stripe - Cart\u00e3o de cr\u00e9dito<\/label>\n\t\t\t\t\t\t<\/li>\n\t\t\t\t\t\t\t\t\t<\/ul>\n\t\t\t\t\t<\/div>\n\t\t\t<\/fieldset>\n\n\t\n\t<div id=\"give_purchase_form_wrap\">\n\n\t\t\t<fieldset id=\"give_checkout_user_info\" class=\"\">\n\t\t<legend>\n\t\t\tInforma\u00e7\u00e3o pessoal\t\t<\/legend>\n\n\t\t\n        <p id=\"give-first-name-wrap\" class=\"form-row form-row-first form-row-responsive\">\n            <label class=\"give-label\" for=\"give-first\">\n                Primeiro nome                                    <span class=\"give-required-indicator\">*<\/span>\n                                <span class=\"give-tooltip hint--top hint--medium hint--bounce\" aria-label=\"O primeiro nome \u00e9 utilizado para personalizar o seu registo de donativos.\" rel=\"tooltip\"><i class=\"give-icon give-icon-question\"><\/i><\/span>            <\/label>\n            <input\n                class=\"give-input required\"\n                type=\"text\"\n                name=\"give_first\"\n                autocomplete=\"given-name\"\n                placeholder=\"Primeiro nome\"\n                id=\"give-first\"\n                value=\"\"\n                 required aria-required=\"true\"             \/>\n        <\/p>\n\n        <p id=\"give-last-name-wrap\" class=\"form-row form-row-last form-row-responsive\">\n            <label class=\"give-label\" for=\"give-last\">\n                Sobrenome                                    <span class=\"give-required-indicator\">*<\/span>\n                                <span class=\"give-tooltip hint--top hint--medium hint--bounce\" aria-label=\"O apelido \u00e9 utilizado para personalizar o seu registo de donativos.\" rel=\"tooltip\"><i class=\"give-icon give-icon-question\"><\/i><\/span>            <\/label>\n\n            <input\n                class=\"give-input required\"\n                type=\"text\"\n                name=\"give_last\"\n                autocomplete=\"family-name\"\n                id=\"give-last\"\n                placeholder=\"Sobrenome\"\n                value=\"\"\n                 required aria-required=\"true\"             \/>\n        <\/p>\n\n        \n                <p id=\"give-email-wrap\" class=\"form-row form-row-wide\">\n            <label class=\"give-label\" for=\"give-email\">\n                Endere\u00e7o de correio electr\u00f3nico                                    <span class=\"give-required-indicator\">*<\/span>\n                                    <span class=\"give-tooltip hint--top hint--medium hint--bounce\" aria-label=\"Enviaremos o recibo da doa\u00e7\u00e3o para este endere\u00e7o.\" rel=\"tooltip\"><i class=\"give-icon give-icon-question\"><\/i><\/span>            <\/label>\n            <input\n                class=\"give-input required\"\n                type=\"email\"\n                name=\"give_email\"\n                autocomplete=\"email\"\n                placeholder=\"Endere\u00e7o de correio electr\u00f3nico\"\n                id=\"give-email\"\n                value=\"\"\n                 required aria-required=\"true\"             \/>\n\n        <\/p>\n\n        \n\t\t\t\t\t<\/fieldset>\n\t\n        <fieldset id=\"give_cc_fields\" class=\"give-do-validate\">\n            <legend>\n                Informa\u00e7\u00f5es de cart\u00e3o de cr\u00e9dito            <\/legend>\n\n                            <div id=\"give_secure_site_wrapper\">\n                    <span class=\"give-icon padlock\"><\/span>\n                    <span>\n\t\t\t\t\tEste \u00e9 um pagamento seguro encriptado SSL.\t\t\t\t<\/span>\n                <\/div>\n                <div id=\"give-stripe-single-cc-fields-157-1\" class=\"give-stripe-single-cc-field-wrap\"><\/div>        <\/fieldset>\n        <div id=\"give-stripe-payment-errors-157-1\"><\/div>\t<fieldset id=\"give_purchase_submit\" class=\"give-donation-submit\">\n\t\t\t<p id=\"give-final-total-wrap\" class=\"form-wrap\">\n\t\t\t\t<span class=\"give-donation-total-label\">\n\t\t\tDoa\u00e7\u00e3o Total:\t\t<\/span>\n\t\t<span class=\"give-final-total-amount\"\n\t\t\t  data-total=\"25\">\n\t\t\t\u00a325\t\t<\/span>\n\t\t<span id=\"give-recurring-modal-period-wrap\" class=\"give-hidden\"><span id=\"give-recurring-modal-period\">Uma vez<\/span><\/span>\t<\/p>\n\t\t<input type=\"hidden\" name=\"give_action\" value=\"purchase\"\/>\n\t<input type=\"hidden\" name=\"give-gateway\" value=\"stripe\"\/>\n\t\t<div class=\"give-submit-button-wrap give-clearfix\">\n\t\t<input type=\"submit\" class=\"give-submit give-btn\" id=\"give-purchase-button\" name=\"give-purchase\"\n\t\t\t   value=\"Doar Agora\" data-before-validation-label=\"Donate Now\"\/>\n\t\t<span class=\"give-loading-animation\"><\/span>\n\t<\/div>\n\t\t<\/fieldset>\n\t\n\t<\/div>\n\n\t\t\t\t<input type=\"hidden\" name=\"trp-form-language\" value=\"pt\"\/><\/form>\n\n\t\t\t\n\t<\/div><!--end #give-form-157-->\n\t\n\n\n\n<p>J\u00e1 fez alguma doa\u00e7\u00e3o? Visite o seu <a href=\"\/pt\/donor-dashboard\/\">painel de instrumentos do doador<\/a><\/p>","protected":false},"excerpt":{"rendered":"<p>O destino do Oceano depende de todos n\u00f3s. O que fazemos, todas as nossas interven\u00e7\u00f5es, obras de arte e performances dependem do vosso apoio. Por favor, ajude-nos a inverter a mar\u00e9. J\u00e1 doaram? Visite o seu tablier de doadores<\/p>","protected":false},"author":3,"featured_media":0,"parent":0,"menu_order":5,"comment_status":"closed","ping_status":"closed","template":"","meta":{"_acf_changed":false,"give_campaign_id":0,"footnotes":""},"class_list":["post-23","page","type-page","status-publish","hentry"],"acf":[],"yoast_head":"<!-- This site is optimized with the Yoast SEO plugin v27.3 - https:\/\/yoast.com\/product\/yoast-seo-wordpress\/ -->\n<title>Support us - Ocean Rebellion<\/title>\n<meta name=\"description\" content=\"The fate of the Ocean depends on us all. Ocean Rebellion depends on your support. Please help us turn the tide.\" \/>\n<meta name=\"robots\" content=\"index, follow, max-snippet:-1, max-image-preview:large, max-video-preview:-1\" \/>\n<link rel=\"canonical\" href=\"https:\/\/oceanrebellion.earth\/pt\/support-us\/\" \/>\n<meta property=\"og:locale\" content=\"pt_PT\" \/>\n<meta property=\"og:type\" content=\"article\" \/>\n<meta property=\"og:title\" content=\"Support us - Ocean Rebellion\" \/>\n<meta property=\"og:description\" content=\"The fate of the Ocean depends on us all. Ocean Rebellion depends on your support. Please help us turn the tide.\" \/>\n<meta property=\"og:url\" content=\"https:\/\/oceanrebellion.earth\/pt\/support-us\/\" \/>\n<meta property=\"og:site_name\" content=\"Ocean Rebellion\" \/>\n<meta property=\"article:publisher\" content=\"https:\/\/www.facebook.com\/oceanrebellion\" \/>\n<meta property=\"article:modified_time\" content=\"2022-10-26T19:40:34+00:00\" \/>\n<meta name=\"twitter:card\" content=\"summary_large_image\" \/>\n<meta name=\"twitter:site\" content=\"@oceanrebellion\" \/>\n<meta name=\"twitter:label1\" content=\"Est. reading time\" \/>\n\t<meta name=\"twitter:data1\" content=\"1 minute\" \/>\n<script type=\"application\/ld+json\" class=\"yoast-schema-graph\">{\"@context\":\"https:\\\/\\\/schema.org\",\"@graph\":[{\"@type\":\"WebPage\",\"@id\":\"https:\\\/\\\/oceanrebellion.earth\\\/support-us\\\/\",\"url\":\"https:\\\/\\\/oceanrebellion.earth\\\/support-us\\\/\",\"name\":\"Support us - Ocean Rebellion\",\"isPartOf\":{\"@id\":\"https:\\\/\\\/oceanrebellion.earth\\\/#website\"},\"datePublished\":\"2022-08-22T14:21:58+00:00\",\"dateModified\":\"2022-10-26T19:40:34+00:00\",\"description\":\"The fate of the Ocean depends on us all. Ocean Rebellion depends on your support. Please help us turn the tide.\",\"breadcrumb\":{\"@id\":\"https:\\\/\\\/oceanrebellion.earth\\\/support-us\\\/#breadcrumb\"},\"inLanguage\":\"pt-PT\",\"potentialAction\":[{\"@type\":\"ReadAction\",\"target\":[\"https:\\\/\\\/oceanrebellion.earth\\\/support-us\\\/\"]}]},{\"@type\":\"BreadcrumbList\",\"@id\":\"https:\\\/\\\/oceanrebellion.earth\\\/support-us\\\/#breadcrumb\",\"itemListElement\":[{\"@type\":\"ListItem\",\"position\":1,\"name\":\"Home\",\"item\":\"https:\\\/\\\/oceanrebellion.earth\\\/\"},{\"@type\":\"ListItem\",\"position\":2,\"name\":\"Support us\"}]},{\"@type\":\"WebSite\",\"@id\":\"https:\\\/\\\/oceanrebellion.earth\\\/#website\",\"url\":\"https:\\\/\\\/oceanrebellion.earth\\\/\",\"name\":\"Ocean Rebellion\",\"description\":\"\",\"publisher\":{\"@id\":\"https:\\\/\\\/oceanrebellion.earth\\\/#organization\"},\"potentialAction\":[{\"@type\":\"SearchAction\",\"target\":{\"@type\":\"EntryPoint\",\"urlTemplate\":\"https:\\\/\\\/oceanrebellion.earth\\\/?s={search_term_string}\"},\"query-input\":{\"@type\":\"PropertyValueSpecification\",\"valueRequired\":true,\"valueName\":\"search_term_string\"}}],\"inLanguage\":\"pt-PT\"},{\"@type\":\"Organization\",\"@id\":\"https:\\\/\\\/oceanrebellion.earth\\\/#organization\",\"name\":\"Ocean Rebellion\",\"url\":\"https:\\\/\\\/oceanrebellion.earth\\\/\",\"logo\":{\"@type\":\"ImageObject\",\"inLanguage\":\"pt-PT\",\"@id\":\"https:\\\/\\\/oceanrebellion.earth\\\/#\\\/schema\\\/logo\\\/image\\\/\",\"url\":\"https:\\\/\\\/ocean-rebellion.onyx-sites.io\\\/wp-content\\\/uploads\\\/2022\\\/08\\\/oceanrebellion-aboutUS-logo.svg\",\"contentUrl\":\"https:\\\/\\\/ocean-rebellion.onyx-sites.io\\\/wp-content\\\/uploads\\\/2022\\\/08\\\/oceanrebellion-aboutUS-logo.svg\",\"width\":540,\"height\":560,\"caption\":\"Ocean Rebellion\"},\"image\":{\"@id\":\"https:\\\/\\\/oceanrebellion.earth\\\/#\\\/schema\\\/logo\\\/image\\\/\"},\"sameAs\":[\"https:\\\/\\\/www.facebook.com\\\/oceanrebellion\",\"https:\\\/\\\/x.com\\\/oceanrebellion\",\"https:\\\/\\\/www.instagram.com\\\/theoceanrebellion\\\/\"]}]}<\/script>\n<!-- \/ Yoast SEO plugin. -->","yoast_head_json":{"title":"Apoie-nos - Ocean Rebellion","description":"O destino do Oceano depende de todos n\u00f3s. A Ocean Rebellion depende do vosso apoio. Por favor, ajude-nos a virar a mar\u00e9.","robots":{"index":"index","follow":"follow","max-snippet":"max-snippet:-1","max-image-preview":"max-image-preview:large","max-video-preview":"max-video-preview:-1"},"canonical":"https:\/\/oceanrebellion.earth\/pt\/support-us\/","og_locale":"pt_PT","og_type":"article","og_title":"Support us - Ocean Rebellion","og_description":"The fate of the Ocean depends on us all. Ocean Rebellion depends on your support. Please help us turn the tide.","og_url":"https:\/\/oceanrebellion.earth\/pt\/support-us\/","og_site_name":"Ocean Rebellion","article_publisher":"https:\/\/www.facebook.com\/oceanrebellion","article_modified_time":"2022-10-26T19:40:34+00:00","twitter_card":"summary_large_image","twitter_site":"@oceanrebellion","twitter_misc":{"Est. reading time":"1 minute"},"schema":{"@context":"https:\/\/schema.org","@graph":[{"@type":"WebPage","@id":"https:\/\/oceanrebellion.earth\/support-us\/","url":"https:\/\/oceanrebellion.earth\/support-us\/","name":"Apoie-nos - Ocean Rebellion","isPartOf":{"@id":"https:\/\/oceanrebellion.earth\/#website"},"datePublished":"2022-08-22T14:21:58+00:00","dateModified":"2022-10-26T19:40:34+00:00","description":"O destino do Oceano depende de todos n\u00f3s. A Ocean Rebellion depende do vosso apoio. Por favor, ajude-nos a virar a mar\u00e9.","breadcrumb":{"@id":"https:\/\/oceanrebellion.earth\/support-us\/#breadcrumb"},"inLanguage":"pt-PT","potentialAction":[{"@type":"ReadAction","target":["https:\/\/oceanrebellion.earth\/support-us\/"]}]},{"@type":"BreadcrumbList","@id":"https:\/\/oceanrebellion.earth\/support-us\/#breadcrumb","itemListElement":[{"@type":"ListItem","position":1,"name":"Home","item":"https:\/\/oceanrebellion.earth\/"},{"@type":"ListItem","position":2,"name":"Support us"}]},{"@type":"WebSite","@id":"https:\/\/oceanrebellion.earth\/#website","url":"https:\/\/oceanrebellion.earth\/","name":"Rebeli\u00e3o Oce\u00e2nica","description":"","publisher":{"@id":"https:\/\/oceanrebellion.earth\/#organization"},"potentialAction":[{"@type":"SearchAction","target":{"@type":"EntryPoint","urlTemplate":"https:\/\/oceanrebellion.earth\/?s={search_term_string}"},"query-input":{"@type":"PropertyValueSpecification","valueRequired":true,"valueName":"search_term_string"}}],"inLanguage":"pt-PT"},{"@type":"Organization","@id":"https:\/\/oceanrebellion.earth\/#organization","name":"Rebeli\u00e3o Oce\u00e2nica","url":"https:\/\/oceanrebellion.earth\/","logo":{"@type":"ImageObject","inLanguage":"pt-PT","@id":"https:\/\/oceanrebellion.earth\/#\/schema\/logo\/image\/","url":"https:\/\/ocean-rebellion.onyx-sites.io\/wp-content\/uploads\/2022\/08\/oceanrebellion-aboutUS-logo.svg","contentUrl":"https:\/\/ocean-rebellion.onyx-sites.io\/wp-content\/uploads\/2022\/08\/oceanrebellion-aboutUS-logo.svg","width":540,"height":560,"caption":"Ocean Rebellion"},"image":{"@id":"https:\/\/oceanrebellion.earth\/#\/schema\/logo\/image\/"},"sameAs":["https:\/\/www.facebook.com\/oceanrebellion","https:\/\/x.com\/oceanrebellion","https:\/\/www.instagram.com\/theoceanrebellion\/"]}]}},"campaignId":"","_links":{"self":[{"href":"https:\/\/oceanrebellion.earth\/pt\/wp-json\/wp\/v2\/pages\/23","targetHints":{"allow":["GET"]}}],"collection":[{"href":"https:\/\/oceanrebellion.earth\/pt\/wp-json\/wp\/v2\/pages"}],"about":[{"href":"https:\/\/oceanrebellion.earth\/pt\/wp-json\/wp\/v2\/types\/page"}],"author":[{"embeddable":true,"href":"https:\/\/oceanrebellion.earth\/pt\/wp-json\/wp\/v2\/users\/3"}],"replies":[{"embeddable":true,"href":"https:\/\/oceanrebellion.earth\/pt\/wp-json\/wp\/v2\/comments?post=23"}],"version-history":[{"count":9,"href":"https:\/\/oceanrebellion.earth\/pt\/wp-json\/wp\/v2\/pages\/23\/revisions"}],"predecessor-version":[{"id":865,"href":"https:\/\/oceanrebellion.earth\/pt\/wp-json\/wp\/v2\/pages\/23\/revisions\/865"}],"wp:attachment":[{"href":"https:\/\/oceanrebellion.earth\/pt\/wp-json\/wp\/v2\/media?parent=23"}],"curies":[{"name":"wp","href":"https:\/\/api.w.org\/{rel}","templated":true}]}}