{"id":2,"date":"2022-07-12T12:04:42","date_gmt":"2022-07-12T12:04:42","guid":{"rendered":"http:\/\/ocean-rebellion.onyx-sites.io\/?page_id=2"},"modified":"2022-10-19T21:35:11","modified_gmt":"2022-10-19T21:35:11","slug":"home","status":"publish","type":"page","link":"https:\/\/oceanrebellion.earth\/pt\/home\/","title":{"rendered":"P\u00e1gina inicial"},"content":{"rendered":"<p>Esta \u00e9 uma p\u00e1gina de exemplo. \u00c9 diferente de um post de blogue porque ficar\u00e1 num s\u00f3 lugar e aparecer\u00e1 na navega\u00e7\u00e3o do seu site (na maioria dos temas). A maioria das pessoas come\u00e7a com uma p\u00e1gina Sobre que os apresenta aos potenciais visitantes do s\u00edtio. Pode dizer algo como isto:<\/p>\n\n\n\n<blockquote class=\"wp-block-quote is-layout-flow wp-block-quote-is-layout-flow\"><p>Ol\u00e1! Sou um mensageiro de bicicleta de dia, aspirante a actor de noite, e este \u00e9 o meu s\u00edtio web. Vivo em Los Angeles, tenho um grande c\u00e3o chamado Jack, e gosto de pi\u00f1a coladas. (E a ser apanhado pela chuva).<\/p><\/blockquote>\n\n\n\n<p>...ou algo do g\u00e9nero:<\/p>\n\n\n\n<blockquote class=\"wp-block-quote is-layout-flow wp-block-quote-is-layout-flow\"><p>A XYZ Doohickey Company foi fundada em 1971, e desde ent\u00e3o tem fornecido doohickeys de qualidade ao p\u00fablico. Localizada na cidade de Gotham, a XYZ emprega mais de 2.000 pessoas e faz todo o tipo de coisas espectaculares para a comunidade de Gotham.<\/p><\/blockquote>\n\n\n\n<p>Como novo utilizador do WordPress, dever\u00e1 ir a <a href=\"http:\/\/ocean-rebellion.onyx-sites.io\/wp-admin\/\">o seu tablier<\/a> para apagar esta p\u00e1gina e criar novas p\u00e1ginas para o seu conte\u00fado. Divirtam-se!<\/p>","protected":false},"excerpt":{"rendered":"<p>This is an example page. It&#8217;s different from a blog post because it will stay in one place and will show up in your site navigation (in most themes). Most people start with an About page that introduces them to potential site visitors. It might say something like this: Hi there! I&#8217;m a bike messenger [&hellip;]<\/p>\n","protected":false},"author":3,"featured_media":0,"parent":0,"menu_order":1,"comment_status":"closed","ping_status":"closed","template":"","meta":{"_acf_changed":false,"give_campaign_id":0,"footnotes":""},"class_list":["post-2","page","type-page","status-publish","hentry"],"acf":[],"yoast_head":"<!-- This site is optimized with the Yoast SEO plugin v27.4 - https:\/\/yoast.com\/product\/yoast-seo-wordpress\/ -->\n<title>Homepage - Ocean Rebellion<\/title>\n<meta name=\"description\" content=\"Ocean Rebellion is a grassroots art collective who create spectacular interventions highlighting Ocean degradation and biodiversity loss.\" \/>\n<meta name=\"robots\" content=\"index, follow, max-snippet:-1, max-image-preview:large, max-video-preview:-1\" \/>\n<link rel=\"canonical\" href=\"https:\/\/oceanrebellion.earth\/pt\/home\/\" \/>\n<meta property=\"og:locale\" content=\"pt_PT\" \/>\n<meta property=\"og:type\" content=\"article\" \/>\n<meta property=\"og:title\" content=\"Homepage - Ocean Rebellion\" \/>\n<meta property=\"og:description\" content=\"Ocean Rebellion is a grassroots art collective who create spectacular interventions highlighting Ocean degradation and biodiversity loss.\" \/>\n<meta property=\"og:url\" content=\"https:\/\/oceanrebellion.earth\/pt\/home\/\" \/>\n<meta property=\"og:site_name\" content=\"Ocean Rebellion\" \/>\n<meta property=\"article:publisher\" content=\"https:\/\/www.facebook.com\/oceanrebellion\" \/>\n<meta property=\"article:modified_time\" content=\"2022-10-19T21:35:11+00:00\" \/>\n<meta name=\"twitter:card\" content=\"summary_large_image\" \/>\n<meta name=\"twitter:site\" content=\"@oceanrebellion\" \/>\n<meta name=\"twitter:label1\" content=\"Est. reading time\" \/>\n\t<meta name=\"twitter:data1\" content=\"1 minute\" \/>\n<script type=\"application\/ld+json\" class=\"yoast-schema-graph\">{\"@context\":\"https:\\\/\\\/schema.org\",\"@graph\":[{\"@type\":\"WebPage\",\"@id\":\"https:\\\/\\\/oceanrebellion.earth\\\/home\\\/\",\"url\":\"https:\\\/\\\/oceanrebellion.earth\\\/home\\\/\",\"name\":\"Homepage - Ocean Rebellion\",\"isPartOf\":{\"@id\":\"https:\\\/\\\/oceanrebellion.earth\\\/#website\"},\"datePublished\":\"2022-07-12T12:04:42+00:00\",\"dateModified\":\"2022-10-19T21:35:11+00:00\",\"description\":\"Ocean Rebellion is a grassroots art collective who create spectacular interventions highlighting Ocean degradation and biodiversity loss.\",\"breadcrumb\":{\"@id\":\"https:\\\/\\\/oceanrebellion.earth\\\/home\\\/#breadcrumb\"},\"inLanguage\":\"pt-PT\",\"potentialAction\":[{\"@type\":\"ReadAction\",\"target\":[\"https:\\\/\\\/oceanrebellion.earth\\\/home\\\/\"]}]},{\"@type\":\"BreadcrumbList\",\"@id\":\"https:\\\/\\\/oceanrebellion.earth\\\/home\\\/#breadcrumb\",\"itemListElement\":[{\"@type\":\"ListItem\",\"position\":1,\"name\":\"Home\",\"item\":\"https:\\\/\\\/oceanrebellion.earth\\\/\"},{\"@type\":\"ListItem\",\"position\":2,\"name\":\"Homepage\"}]},{\"@type\":\"WebSite\",\"@id\":\"https:\\\/\\\/oceanrebellion.earth\\\/#website\",\"url\":\"https:\\\/\\\/oceanrebellion.earth\\\/\",\"name\":\"Ocean Rebellion\",\"description\":\"\",\"publisher\":{\"@id\":\"https:\\\/\\\/oceanrebellion.earth\\\/#organization\"},\"potentialAction\":[{\"@type\":\"SearchAction\",\"target\":{\"@type\":\"EntryPoint\",\"urlTemplate\":\"https:\\\/\\\/oceanrebellion.earth\\\/?s={search_term_string}\"},\"query-input\":{\"@type\":\"PropertyValueSpecification\",\"valueRequired\":true,\"valueName\":\"search_term_string\"}}],\"inLanguage\":\"pt-PT\"},{\"@type\":\"Organization\",\"@id\":\"https:\\\/\\\/oceanrebellion.earth\\\/#organization\",\"name\":\"Ocean Rebellion\",\"url\":\"https:\\\/\\\/oceanrebellion.earth\\\/\",\"logo\":{\"@type\":\"ImageObject\",\"inLanguage\":\"pt-PT\",\"@id\":\"https:\\\/\\\/oceanrebellion.earth\\\/#\\\/schema\\\/logo\\\/image\\\/\",\"url\":\"https:\\\/\\\/ocean-rebellion.onyx-sites.io\\\/wp-content\\\/uploads\\\/2022\\\/08\\\/oceanrebellion-aboutUS-logo.svg\",\"contentUrl\":\"https:\\\/\\\/ocean-rebellion.onyx-sites.io\\\/wp-content\\\/uploads\\\/2022\\\/08\\\/oceanrebellion-aboutUS-logo.svg\",\"width\":540,\"height\":560,\"caption\":\"Ocean Rebellion\"},\"image\":{\"@id\":\"https:\\\/\\\/oceanrebellion.earth\\\/#\\\/schema\\\/logo\\\/image\\\/\"},\"sameAs\":[\"https:\\\/\\\/www.facebook.com\\\/oceanrebellion\",\"https:\\\/\\\/x.com\\\/oceanrebellion\",\"https:\\\/\\\/www.instagram.com\\\/theoceanrebellion\\\/\"]}]}<\/script>\n<!-- \/ Yoast SEO plugin. -->","yoast_head_json":{"title":"P\u00e1gina inicial - Ocean Rebellion","description":"A Ocean Rebellion \u00e9 um coletivo de arte de base que cria interven\u00e7\u00f5es espectaculares que chamam a aten\u00e7\u00e3o para a degrada\u00e7\u00e3o dos oceanos e a perda de biodiversidade.","robots":{"index":"index","follow":"follow","max-snippet":"max-snippet:-1","max-image-preview":"max-image-preview:large","max-video-preview":"max-video-preview:-1"},"canonical":"https:\/\/oceanrebellion.earth\/pt\/home\/","og_locale":"pt_PT","og_type":"article","og_title":"Homepage - Ocean Rebellion","og_description":"Ocean Rebellion is a grassroots art collective who create spectacular interventions highlighting Ocean degradation and biodiversity loss.","og_url":"https:\/\/oceanrebellion.earth\/pt\/home\/","og_site_name":"Ocean Rebellion","article_publisher":"https:\/\/www.facebook.com\/oceanrebellion","article_modified_time":"2022-10-19T21:35:11+00:00","twitter_card":"summary_large_image","twitter_site":"@oceanrebellion","twitter_misc":{"Est. reading time":"1 minute"},"schema":{"@context":"https:\/\/schema.org","@graph":[{"@type":"WebPage","@id":"https:\/\/oceanrebellion.earth\/home\/","url":"https:\/\/oceanrebellion.earth\/home\/","name":"P\u00e1gina inicial - Ocean Rebellion","isPartOf":{"@id":"https:\/\/oceanrebellion.earth\/#website"},"datePublished":"2022-07-12T12:04:42+00:00","dateModified":"2022-10-19T21:35:11+00:00","description":"A Ocean Rebellion \u00e9 um coletivo de arte de base que cria interven\u00e7\u00f5es espectaculares que chamam a aten\u00e7\u00e3o para a degrada\u00e7\u00e3o dos oceanos e a perda de biodiversidade.","breadcrumb":{"@id":"https:\/\/oceanrebellion.earth\/home\/#breadcrumb"},"inLanguage":"pt-PT","potentialAction":[{"@type":"ReadAction","target":["https:\/\/oceanrebellion.earth\/home\/"]}]},{"@type":"BreadcrumbList","@id":"https:\/\/oceanrebellion.earth\/home\/#breadcrumb","itemListElement":[{"@type":"ListItem","position":1,"name":"Home","item":"https:\/\/oceanrebellion.earth\/"},{"@type":"ListItem","position":2,"name":"Homepage"}]},{"@type":"WebSite","@id":"https:\/\/oceanrebellion.earth\/#website","url":"https:\/\/oceanrebellion.earth\/","name":"Rebeli\u00e3o Oce\u00e2nica","description":"","publisher":{"@id":"https:\/\/oceanrebellion.earth\/#organization"},"potentialAction":[{"@type":"SearchAction","target":{"@type":"EntryPoint","urlTemplate":"https:\/\/oceanrebellion.earth\/?s={search_term_string}"},"query-input":{"@type":"PropertyValueSpecification","valueRequired":true,"valueName":"search_term_string"}}],"inLanguage":"pt-PT"},{"@type":"Organization","@id":"https:\/\/oceanrebellion.earth\/#organization","name":"Rebeli\u00e3o Oce\u00e2nica","url":"https:\/\/oceanrebellion.earth\/","logo":{"@type":"ImageObject","inLanguage":"pt-PT","@id":"https:\/\/oceanrebellion.earth\/#\/schema\/logo\/image\/","url":"https:\/\/ocean-rebellion.onyx-sites.io\/wp-content\/uploads\/2022\/08\/oceanrebellion-aboutUS-logo.svg","contentUrl":"https:\/\/ocean-rebellion.onyx-sites.io\/wp-content\/uploads\/2022\/08\/oceanrebellion-aboutUS-logo.svg","width":540,"height":560,"caption":"Ocean Rebellion"},"image":{"@id":"https:\/\/oceanrebellion.earth\/#\/schema\/logo\/image\/"},"sameAs":["https:\/\/www.facebook.com\/oceanrebellion","https:\/\/x.com\/oceanrebellion","https:\/\/www.instagram.com\/theoceanrebellion\/"]}]}},"campaignId":"","_links":{"self":[{"href":"https:\/\/oceanrebellion.earth\/pt\/wp-json\/wp\/v2\/pages\/2","targetHints":{"allow":["GET"]}}],"collection":[{"href":"https:\/\/oceanrebellion.earth\/pt\/wp-json\/wp\/v2\/pages"}],"about":[{"href":"https:\/\/oceanrebellion.earth\/pt\/wp-json\/wp\/v2\/types\/page"}],"author":[{"embeddable":true,"href":"https:\/\/oceanrebellion.earth\/pt\/wp-json\/wp\/v2\/users\/3"}],"replies":[{"embeddable":true,"href":"https:\/\/oceanrebellion.earth\/pt\/wp-json\/wp\/v2\/comments?post=2"}],"version-history":[{"count":2,"href":"https:\/\/oceanrebellion.earth\/pt\/wp-json\/wp\/v2\/pages\/2\/revisions"}],"predecessor-version":[{"id":805,"href":"https:\/\/oceanrebellion.earth\/pt\/wp-json\/wp\/v2\/pages\/2\/revisions\/805"}],"wp:attachment":[{"href":"https:\/\/oceanrebellion.earth\/pt\/wp-json\/wp\/v2\/media?parent=2"}],"curies":[{"name":"wp","href":"https:\/\/api.w.org\/{rel}","templated":true}]}}