{"id":19,"date":"2022-08-22T14:20:55","date_gmt":"2022-08-22T14:20:55","guid":{"rendered":"https:\/\/ocean-rebellion.onyx-sites.io\/?page_id=19"},"modified":"2024-11-01T14:12:13","modified_gmt":"2024-11-01T14:12:13","slug":"about","status":"publish","type":"page","link":"https:\/\/oceanrebellion.earth\/fr\/about\/","title":{"rendered":"A propos de nous"},"content":{"rendered":"<figure class=\"wp-block-image size-large is-resized fit-height\"><img loading=\"lazy\" decoding=\"async\" width=\"540\" height=\"560\" src=\"https:\/\/ocean-rebellion.onyx-sites.io\/wp-content\/uploads\/2022\/08\/oceanrebellion-aboutUS-logo.svg\" alt=\"\" class=\"wp-image-148\" style=\"width:615px;height:auto\"\/><\/figure>\n\n\n\n<div style=\"height:32px\" aria-hidden=\"true\" class=\"wp-block-spacer\"><\/div>\n\n\n\n<p><strong>Parce que la mer monte, nous allons monter<br>Parce que le corail s'efface, nous allons nous battre.<br>Alors que les mers sont exploit\u00e9es, nous nous mobiliserons.<br>Pendant que les oc\u00e9ans sont pill\u00e9s, nous allons protester. <\/strong><br><strong>Prot\u00e9gez nos eaux comme vous prot\u00e9gez vos enfants <\/strong><br><strong>Ne laissez pas la vie s'\u00e9couler<\/strong><\/p>\n\n\n\n<p>Ocean Rebellion est un collectif artistique international qui s'attaque \u00e0 la d\u00e9gradation des oc\u00e9ans et \u00e0 la perte de biodiversit\u00e9 en concevant des \"bombes artistiques\" ludiques, \u00e9motives et spectaculaires, des interventions \"click-bait\" qui sont irr\u00e9sistibles pour les m\u00e9dias traditionnels, commerciaux et sociaux, attirant jusqu'\u00e0 un milliard d'impressions m\u00e9diatiques par an et exer\u00e7ant une pression directe sur les parties prenantes fautives tout en sensibilisant le public et en incitant les d\u00e9cideurs politiques \u00e0 servir, et non \u00e0 tuer, l'oc\u00e9an. &nbsp;<\/p>\n\n\n\n<p>La mer se meurt et&nbsp;<strong>comme la mer meurt, nous mourons.<\/strong><br><br>Lanc\u00e9e en ao\u00fbt 2020 par une petite \u00e9quipe qui a jou\u00e9 un r\u00f4le d\u00e9terminant dans la cr\u00e9ation de nombreux mouvements internationaux en faveur du climat et de la nature, Ocean Rebellion (OR) fait le lien entre la multitude de probl\u00e8mes li\u00e9s aux oc\u00e9ans, notamment la surp\u00eache, la pollution maritime, l'acidification, les microplastiques, le r\u00e9chauffement, l'aquaculture et l'exploitation mini\u00e8re. Nous consid\u00e9rons l'oc\u00e9an non pas comme une ressource infinie \u00e0 exploiter, mais comme le merveilleux foyer de la vie marine et le poumon de la Terre. Un oc\u00e9an mourant constitue la plus grande partie de la crise du climat et de la nature, mais c'est lui qui re\u00e7oit le moins d'attention - une attention que l'OR stimule.<\/p>\n\n\n\n<p>Le bloc op\u00e9ratoire est une flotte compos\u00e9e de nombreux navires. Chaque navire est autonome et fait partie d'une flotte grandissante, tous connect\u00e9s et naviguant comme un seul homme. Si votre mer n'a pas de navire et que vous souhaitez naviguer avec nous, contactez-nous ci-dessous et nous vous enverrons un message (ou mieux encore, nous organiserons un atelier).<\/p>\n\n\n\n<div class=\"forminator-guttenberg\"><div class=\"forminator-ui forminator-custom-form forminator-custom-form-139   forminator_ajax\" data-forminator-render=\"0\" data-form=\"forminator-module-139\" data-uid=\"69d78209ba6de\"><br\/><\/div><form\n\t\t\t\tid=\"forminator-module-139\"\n\t\t\t\tclass=\"forminator-ui forminator-custom-form forminator-custom-form-139   forminator_ajax\"\n\t\t\t\tmethod=\"post\"\n\t\t\t\tdata-forminator-render=\"0\"\n\t\t\t\tdata-form-id=\"139\"\n\t\t\t\t data-color-option=\"default\" data-design=\"none\" data-grid=\"open\" style=\"display: none;\"\n\t\t\t\tdata-uid=\"69d78209ba6de\" action=\"\"\n\t\t\t><div role=\"alert\" aria-live=\"polite\" class=\"forminator-response-message forminator-error\" aria-hidden=\"true\"><\/div><div class=\"forminator-row\"><div id=\"select-1\" class=\"forminator-field-select forminator-col forminator-col-12  half-width\"><div class=\"forminator-field\"><label for=\"forminator-form-139__field--select-1_69d78209ba6de\" id=\"forminator-form-139__field--select-1_69d78209ba6de-label\" class=\"forminator-label\">O\u00f9 \u00eates-vous bas\u00e9 ?<\/label><select  id=\"forminator-form-139__field--select-1_69d78209ba6de\" class=\"forminator-select--field forminator-select2 forminator-select2-multiple\" data-required=\"\" name=\"select-1\" data-default-value=\"UK\" data-placeholder=\"\" data-search=\"false\" data-search-placeholder=\"\" data-checkbox=\"false\" data-allow-clear=\"false\" aria-labelledby=\"forminator-form-139__field--select-1_69d78209ba6de-label\"><option value=\"UK\" selected=\"selected\" data-calculation=\"0\">ROYAUME-UNI<\/option><option value=\"Netherlands\"  data-calculation=\"0\">Pays-Bas<\/option><option value=\"General-enquiry\"  data-calculation=\"0\">L'endroit d'o\u00f9 je viens n'est pas important<\/option><\/select><\/div><\/div><\/div><div class=\"forminator-row\"><div id=\"name-1\" class=\"forminator-field-name forminator-col forminator-col-6  inner-label\"><div class=\"forminator-field\"><label for=\"forminator-field-name-1_69d78209ba6de\" id=\"forminator-field-name-1_69d78209ba6de-label\" class=\"forminator-label\">Pr\u00e9nom <span class=\"forminator-required\">*<\/span><\/label><input type=\"text\" name=\"name-1\" value=\"\" placeholder=\"Pr\u00e9nom\" id=\"forminator-field-name-1_69d78209ba6de\" class=\"forminator-input forminator-name--field\" aria-required=\"true\" autocomplete=\"name\" \/><\/div><\/div><div id=\"name-2\" class=\"forminator-field-name forminator-col forminator-col-6  inner-label\"><div class=\"forminator-field\"><label for=\"forminator-field-name-2_69d78209ba6de\" id=\"forminator-field-name-2_69d78209ba6de-label\" class=\"forminator-label\">Nom de famille <span class=\"forminator-required\">*<\/span><\/label><input type=\"text\" name=\"name-2\" value=\"\" placeholder=\"Nom de famille\" id=\"forminator-field-name-2_69d78209ba6de\" class=\"forminator-input forminator-name--field\" aria-required=\"true\" autocomplete=\"name\" \/><\/div><\/div><\/div><div class=\"forminator-row\"><div id=\"email-1\" class=\"forminator-field-email forminator-col forminator-col-6  inner-label\"><div class=\"forminator-field\"><label for=\"forminator-field-email-1_69d78209ba6de\" id=\"forminator-field-email-1_69d78209ba6de-label\" class=\"forminator-label\">Adresse \u00e9lectronique <span class=\"forminator-required\">*<\/span><\/label><input type=\"email\" name=\"email-1\" value=\"\" placeholder=\"Adresse \u00e9lectronique\" id=\"forminator-field-email-1_69d78209ba6de\" class=\"forminator-input forminator-email--field\" data-required=\"1\" aria-required=\"true\" autocomplete=\"email\" \/><\/div><\/div><div id=\"phone-1\" class=\"forminator-field-phone forminator-col forminator-col-6  inner-label\"><div class=\"forminator-field\"><label for=\"forminator-field-phone-1_69d78209ba6de\" id=\"forminator-field-phone-1_69d78209ba6de-label\" class=\"forminator-label\">T\u00e9l\u00e9phone<\/label><input type=\"text\" name=\"phone-1\" value=\"\" placeholder=\"T\u00e9l\u00e9phone\" id=\"forminator-field-phone-1_69d78209ba6de\" class=\"forminator-input forminator-field--phone\" data-required=\"\" aria-required=\"false\" autocomplete=\"off\" \/><\/div><\/div><\/div><div class=\"forminator-row\"><div id=\"text-1\" class=\"forminator-field-text forminator-col forminator-col-12  inner-label\"><div class=\"forminator-field\"><label for=\"forminator-field-text-1_69d78209ba6de\" id=\"forminator-field-text-1_69d78209ba6de-label\" class=\"forminator-label\">Sujet <span class=\"forminator-required\">*<\/span><\/label><input type=\"text\" name=\"text-1\" value=\"\" placeholder=\"Sujet\" id=\"forminator-field-text-1_69d78209ba6de\" class=\"forminator-input forminator-name--field\" data-required=\"1\" \/><\/div><\/div><\/div><div class=\"forminator-row\"><div id=\"textarea-1\" class=\"forminator-field-textarea forminator-col forminator-col-12  inner-label\"><div class=\"forminator-field\"><label for=\"forminator-field-textarea-1_69d78209ba6de\" id=\"forminator-field-textarea-1_69d78209ba6de-label\" class=\"forminator-label\">Message<\/label><textarea name=\"textarea-1\" placeholder=\"Message\" id=\"forminator-field-textarea-1_69d78209ba6de\" class=\"forminator-textarea\" rows=\"6\" style=\"min-height:140px;\" ><\/textarea><\/div><\/div><\/div><input type=\"hidden\" name=\"referer_url\" value=\"\" \/><div class=\"forminator-row forminator-row-last\"><div class=\"forminator-col\"><div class=\"forminator-field\"><button class=\"forminator-button forminator-button-submit half-width\">Envoyer<\/button><\/div><\/div><\/div><input type=\"hidden\" id=\"forminator_nonce\" name=\"forminator_nonce\" value=\"5be530c0e5\" \/><input type=\"hidden\" name=\"_wp_http_referer\" value=\"\/fr\/wp-json\/wp\/v2\/pages\/19\" \/><input type=\"hidden\" name=\"form_id\" value=\"139\"><input type=\"hidden\" name=\"page_id\" value=\"19\"><input type=\"hidden\" name=\"form_type\" value=\"default\"><input type=\"hidden\" name=\"current_url\" value=\"https:\/\/oceanrebellion.earth\/fr\/about\/\"><input type=\"hidden\" name=\"render_id\" value=\"0\"><input type=\"hidden\" name=\"action\" value=\"forminator_submit_form_custom-forms\"><label for=\"input_8\" class=\"forminator-hidden\" aria-hidden=\"true\">Veuillez ne pas remplir ce champ. <input id=\"input_8\" type=\"text\" name=\"input_8\" value=\"\" autocomplete=\"off\"><\/label><input type=\"hidden\" name=\"trp-form-language\" value=\"fr\"\/><\/form><\/div>\n\n\n\n<p><\/p>","protected":false},"excerpt":{"rendered":"<p>Because the sea is rising we will riseBecause the coral is fading we will fightAs the seas are mined we will mobiliseWhile the oceans are plundered we will protest Protect our waters like you protect your children Don\u2019t let life drain away Ocean Rebellion is an international grassroots art collective which tackles Ocean degradation and [&hellip;]<\/p>\n","protected":false},"author":3,"featured_media":0,"parent":0,"menu_order":4,"comment_status":"closed","ping_status":"closed","template":"","meta":{"_acf_changed":false,"give_campaign_id":0,"footnotes":""},"class_list":["post-19","page","type-page","status-publish","hentry"],"acf":[],"yoast_head":"<!-- This site is optimized with the Yoast SEO plugin v27.3 - https:\/\/yoast.com\/product\/yoast-seo-wordpress\/ -->\n<title>About us - Ocean Rebellion<\/title>\n<meta name=\"description\" content=\"Ocean Rebellion is an art collective who tackle Ocean degradation and biodiversity loss by conceiving playful, emotive and spectacular art interventions.\" \/>\n<meta name=\"robots\" content=\"index, follow, max-snippet:-1, max-image-preview:large, max-video-preview:-1\" \/>\n<link rel=\"canonical\" href=\"https:\/\/oceanrebellion.earth\/fr\/about\/\" \/>\n<meta property=\"og:locale\" content=\"fr_FR\" \/>\n<meta property=\"og:type\" content=\"article\" \/>\n<meta property=\"og:title\" content=\"About us - Ocean Rebellion\" \/>\n<meta property=\"og:description\" content=\"Ocean Rebellion is an art collective who tackle Ocean degradation and biodiversity loss by conceiving playful, emotive and spectacular art interventions.\" \/>\n<meta property=\"og:url\" content=\"https:\/\/oceanrebellion.earth\/fr\/about\/\" \/>\n<meta property=\"og:site_name\" content=\"Ocean Rebellion\" \/>\n<meta property=\"article:publisher\" content=\"https:\/\/www.facebook.com\/oceanrebellion\" \/>\n<meta property=\"article:modified_time\" content=\"2024-11-01T14:12:13+00:00\" \/>\n<meta name=\"twitter:card\" content=\"summary_large_image\" \/>\n<meta name=\"twitter:site\" content=\"@oceanrebellion\" \/>\n<meta name=\"twitter:label1\" content=\"Est. reading time\" \/>\n\t<meta name=\"twitter:data1\" content=\"2 minutes\" \/>\n<script type=\"application\/ld+json\" class=\"yoast-schema-graph\">{\"@context\":\"https:\\\/\\\/schema.org\",\"@graph\":[{\"@type\":\"WebPage\",\"@id\":\"https:\\\/\\\/oceanrebellion.earth\\\/about\\\/\",\"url\":\"https:\\\/\\\/oceanrebellion.earth\\\/about\\\/\",\"name\":\"About us - Ocean Rebellion\",\"isPartOf\":{\"@id\":\"https:\\\/\\\/oceanrebellion.earth\\\/#website\"},\"primaryImageOfPage\":{\"@id\":\"https:\\\/\\\/oceanrebellion.earth\\\/about\\\/#primaryimage\"},\"image\":{\"@id\":\"https:\\\/\\\/oceanrebellion.earth\\\/about\\\/#primaryimage\"},\"thumbnailUrl\":\"https:\\\/\\\/ocean-rebellion.onyx-sites.io\\\/wp-content\\\/uploads\\\/2022\\\/08\\\/oceanrebellion-aboutUS-logo.svg\",\"datePublished\":\"2022-08-22T14:20:55+00:00\",\"dateModified\":\"2024-11-01T14:12:13+00:00\",\"description\":\"Ocean Rebellion is an art collective who tackle Ocean degradation and biodiversity loss by conceiving playful, emotive and spectacular art interventions.\",\"breadcrumb\":{\"@id\":\"https:\\\/\\\/oceanrebellion.earth\\\/about\\\/#breadcrumb\"},\"inLanguage\":\"fr-FR\",\"potentialAction\":[{\"@type\":\"ReadAction\",\"target\":[\"https:\\\/\\\/oceanrebellion.earth\\\/about\\\/\"]}]},{\"@type\":\"ImageObject\",\"inLanguage\":\"fr-FR\",\"@id\":\"https:\\\/\\\/oceanrebellion.earth\\\/about\\\/#primaryimage\",\"url\":\"https:\\\/\\\/ocean-rebellion.onyx-sites.io\\\/wp-content\\\/uploads\\\/2022\\\/08\\\/oceanrebellion-aboutUS-logo.svg\",\"contentUrl\":\"https:\\\/\\\/ocean-rebellion.onyx-sites.io\\\/wp-content\\\/uploads\\\/2022\\\/08\\\/oceanrebellion-aboutUS-logo.svg\"},{\"@type\":\"BreadcrumbList\",\"@id\":\"https:\\\/\\\/oceanrebellion.earth\\\/about\\\/#breadcrumb\",\"itemListElement\":[{\"@type\":\"ListItem\",\"position\":1,\"name\":\"Home\",\"item\":\"https:\\\/\\\/oceanrebellion.earth\\\/\"},{\"@type\":\"ListItem\",\"position\":2,\"name\":\"About us\"}]},{\"@type\":\"WebSite\",\"@id\":\"https:\\\/\\\/oceanrebellion.earth\\\/#website\",\"url\":\"https:\\\/\\\/oceanrebellion.earth\\\/\",\"name\":\"Ocean Rebellion\",\"description\":\"\",\"publisher\":{\"@id\":\"https:\\\/\\\/oceanrebellion.earth\\\/#organization\"},\"potentialAction\":[{\"@type\":\"SearchAction\",\"target\":{\"@type\":\"EntryPoint\",\"urlTemplate\":\"https:\\\/\\\/oceanrebellion.earth\\\/?s={search_term_string}\"},\"query-input\":{\"@type\":\"PropertyValueSpecification\",\"valueRequired\":true,\"valueName\":\"search_term_string\"}}],\"inLanguage\":\"fr-FR\"},{\"@type\":\"Organization\",\"@id\":\"https:\\\/\\\/oceanrebellion.earth\\\/#organization\",\"name\":\"Ocean Rebellion\",\"url\":\"https:\\\/\\\/oceanrebellion.earth\\\/\",\"logo\":{\"@type\":\"ImageObject\",\"inLanguage\":\"fr-FR\",\"@id\":\"https:\\\/\\\/oceanrebellion.earth\\\/#\\\/schema\\\/logo\\\/image\\\/\",\"url\":\"https:\\\/\\\/ocean-rebellion.onyx-sites.io\\\/wp-content\\\/uploads\\\/2022\\\/08\\\/oceanrebellion-aboutUS-logo.svg\",\"contentUrl\":\"https:\\\/\\\/ocean-rebellion.onyx-sites.io\\\/wp-content\\\/uploads\\\/2022\\\/08\\\/oceanrebellion-aboutUS-logo.svg\",\"width\":540,\"height\":560,\"caption\":\"Ocean Rebellion\"},\"image\":{\"@id\":\"https:\\\/\\\/oceanrebellion.earth\\\/#\\\/schema\\\/logo\\\/image\\\/\"},\"sameAs\":[\"https:\\\/\\\/www.facebook.com\\\/oceanrebellion\",\"https:\\\/\\\/x.com\\\/oceanrebellion\",\"https:\\\/\\\/www.instagram.com\\\/theoceanrebellion\\\/\"]}]}<\/script>\n<!-- \/ Yoast SEO plugin. -->","yoast_head_json":{"title":"\u00c0 propos de nous - Ocean Rebellion","description":"Ocean Rebellion est un collectif artistique qui s'attaque \u00e0 la d\u00e9gradation des oc\u00e9ans et \u00e0 la perte de biodiversit\u00e9 en concevant des interventions artistiques ludiques, \u00e9motives et spectaculaires.","robots":{"index":"index","follow":"follow","max-snippet":"max-snippet:-1","max-image-preview":"max-image-preview:large","max-video-preview":"max-video-preview:-1"},"canonical":"https:\/\/oceanrebellion.earth\/fr\/about\/","og_locale":"fr_FR","og_type":"article","og_title":"About us - Ocean Rebellion","og_description":"Ocean Rebellion is an art collective who tackle Ocean degradation and biodiversity loss by conceiving playful, emotive and spectacular art interventions.","og_url":"https:\/\/oceanrebellion.earth\/fr\/about\/","og_site_name":"Ocean Rebellion","article_publisher":"https:\/\/www.facebook.com\/oceanrebellion","article_modified_time":"2024-11-01T14:12:13+00:00","twitter_card":"summary_large_image","twitter_site":"@oceanrebellion","twitter_misc":{"Est. reading time":"2 minutes"},"schema":{"@context":"https:\/\/schema.org","@graph":[{"@type":"WebPage","@id":"https:\/\/oceanrebellion.earth\/about\/","url":"https:\/\/oceanrebellion.earth\/about\/","name":"\u00c0 propos de nous - Ocean Rebellion","isPartOf":{"@id":"https:\/\/oceanrebellion.earth\/#website"},"primaryImageOfPage":{"@id":"https:\/\/oceanrebellion.earth\/about\/#primaryimage"},"image":{"@id":"https:\/\/oceanrebellion.earth\/about\/#primaryimage"},"thumbnailUrl":"https:\/\/ocean-rebellion.onyx-sites.io\/wp-content\/uploads\/2022\/08\/oceanrebellion-aboutUS-logo.svg","datePublished":"2022-08-22T14:20:55+00:00","dateModified":"2024-11-01T14:12:13+00:00","description":"Ocean Rebellion est un collectif artistique qui s'attaque \u00e0 la d\u00e9gradation des oc\u00e9ans et \u00e0 la perte de biodiversit\u00e9 en concevant des interventions artistiques ludiques, \u00e9motives et spectaculaires.","breadcrumb":{"@id":"https:\/\/oceanrebellion.earth\/about\/#breadcrumb"},"inLanguage":"fr-FR","potentialAction":[{"@type":"ReadAction","target":["https:\/\/oceanrebellion.earth\/about\/"]}]},{"@type":"ImageObject","inLanguage":"fr-FR","@id":"https:\/\/oceanrebellion.earth\/about\/#primaryimage","url":"https:\/\/ocean-rebellion.onyx-sites.io\/wp-content\/uploads\/2022\/08\/oceanrebellion-aboutUS-logo.svg","contentUrl":"https:\/\/ocean-rebellion.onyx-sites.io\/wp-content\/uploads\/2022\/08\/oceanrebellion-aboutUS-logo.svg"},{"@type":"BreadcrumbList","@id":"https:\/\/oceanrebellion.earth\/about\/#breadcrumb","itemListElement":[{"@type":"ListItem","position":1,"name":"Home","item":"https:\/\/oceanrebellion.earth\/"},{"@type":"ListItem","position":2,"name":"About us"}]},{"@type":"WebSite","@id":"https:\/\/oceanrebellion.earth\/#website","url":"https:\/\/oceanrebellion.earth\/","name":"La r\u00e9bellion de l'oc\u00e9an","description":"","publisher":{"@id":"https:\/\/oceanrebellion.earth\/#organization"},"potentialAction":[{"@type":"SearchAction","target":{"@type":"EntryPoint","urlTemplate":"https:\/\/oceanrebellion.earth\/?s={search_term_string}"},"query-input":{"@type":"PropertyValueSpecification","valueRequired":true,"valueName":"search_term_string"}}],"inLanguage":"fr-FR"},{"@type":"Organization","@id":"https:\/\/oceanrebellion.earth\/#organization","name":"La r\u00e9bellion de l'oc\u00e9an","url":"https:\/\/oceanrebellion.earth\/","logo":{"@type":"ImageObject","inLanguage":"fr-FR","@id":"https:\/\/oceanrebellion.earth\/#\/schema\/logo\/image\/","url":"https:\/\/ocean-rebellion.onyx-sites.io\/wp-content\/uploads\/2022\/08\/oceanrebellion-aboutUS-logo.svg","contentUrl":"https:\/\/ocean-rebellion.onyx-sites.io\/wp-content\/uploads\/2022\/08\/oceanrebellion-aboutUS-logo.svg","width":540,"height":560,"caption":"Ocean Rebellion"},"image":{"@id":"https:\/\/oceanrebellion.earth\/#\/schema\/logo\/image\/"},"sameAs":["https:\/\/www.facebook.com\/oceanrebellion","https:\/\/x.com\/oceanrebellion","https:\/\/www.instagram.com\/theoceanrebellion\/"]}]}},"campaignId":"","_links":{"self":[{"href":"https:\/\/oceanrebellion.earth\/fr\/wp-json\/wp\/v2\/pages\/19","targetHints":{"allow":["GET"]}}],"collection":[{"href":"https:\/\/oceanrebellion.earth\/fr\/wp-json\/wp\/v2\/pages"}],"about":[{"href":"https:\/\/oceanrebellion.earth\/fr\/wp-json\/wp\/v2\/types\/page"}],"author":[{"embeddable":true,"href":"https:\/\/oceanrebellion.earth\/fr\/wp-json\/wp\/v2\/users\/3"}],"replies":[{"embeddable":true,"href":"https:\/\/oceanrebellion.earth\/fr\/wp-json\/wp\/v2\/comments?post=19"}],"version-history":[{"count":22,"href":"https:\/\/oceanrebellion.earth\/fr\/wp-json\/wp\/v2\/pages\/19\/revisions"}],"predecessor-version":[{"id":4215,"href":"https:\/\/oceanrebellion.earth\/fr\/wp-json\/wp\/v2\/pages\/19\/revisions\/4215"}],"wp:attachment":[{"href":"https:\/\/oceanrebellion.earth\/fr\/wp-json\/wp\/v2\/media?parent=19"}],"curies":[{"name":"wp","href":"https:\/\/api.w.org\/{rel}","templated":true}]}}