{"id":10,"date":"2022-08-22T14:15:30","date_gmt":"2022-08-22T14:15:30","guid":{"rendered":"https:\/\/ocean-rebellion.onyx-sites.io\/?page_id=10"},"modified":"2025-09-30T14:13:21","modified_gmt":"2025-09-30T14:13:21","slug":"demands","status":"publish","type":"page","link":"https:\/\/oceanrebellion.earth\/fr\/demands\/","title":{"rendered":"Demandes"},"content":{"rendered":"<h2 id=\"callout-block_22b91b671ccb88b4d41cc6025be41f58\" class=\"callout-heading callout-heading-advanced\">\n\n    \n        <span class=\"font--function-stencil size--variable\">Dire la<\/span>\n    \n    \n        <span class=\"font--function-stencil size--variable\">V\u00e9rit\u00e9<\/span>\n    \n    \n    <\/h2>\n\n\n\n\n<h3 class=\"wp-block-heading has-text-align-center\">A propos de l'oc\u00e9an mourant.<\/h3>\n\n\n\n    <h2 id=\"callout-block_32410e18371ba56804d1912cc24fe8aa\" class=\"callout-heading callout-heading-advanced\">\n\n    \n        <span class=\"font--function-stencil size--variable\">Agissez<\/span>\n    \n    \n        <span class=\"font--function-stencil size--variable\">Maintenant<\/span>\n    \n    \n    <\/h2>\n\n\n\n\n<h3 class=\"wp-block-heading has-text-align-center\">Arr\u00eater le rejet de carbone bleu, la perte de biodiversit\u00e9, les \u00e9missions du transport maritime, l'acidification des oc\u00e9ans et l'exploitation mini\u00e8re en eaux profondes.<\/h3>\n\n\n\n    <h2 id=\"callout-block_5107760201c0f63f5a4a2c0e49ba7358\" class=\"callout-heading callout-heading-advanced\">\n\n    \n        <span class=\"font--function-stencil size--variable\">Prendre le<\/span>\n    \n    \n        <span class=\"font--function-stencil size--variable\">contr\u00f4le<\/span>\n    \n    \n    <\/h2>\n\n\n\n\n<h3 class=\"wp-block-heading has-text-align-center\">Les Nations unies doivent cr\u00e9er un nouvel organisme transparent charg\u00e9 de g\u00e9rer les oc\u00e9ans dans l'int\u00e9r\u00eat de toutes les formes de vie. La restauration et le r\u00e9approvisionnement de l'oc\u00e9an doivent \u00eatre les seuls crit\u00e8res de r\u00e9ussite de ce nouvel organisme.<\/h3>","protected":false},"excerpt":{"rendered":"<p>About the dying Ocean. To stop blue carbon release, biodiversity loss, shipping emissions, Ocean acidification and deep sea mining. The UN must form a new, transparent, body to govern the Ocean for the benefit of ALL life. This new body must have the restoration and replenishment of the Ocean as its only measure of success.<\/p>","protected":false},"author":3,"featured_media":0,"parent":0,"menu_order":3,"comment_status":"closed","ping_status":"closed","template":"","meta":{"_acf_changed":false,"give_campaign_id":0,"footnotes":""},"class_list":["post-10","page","type-page","status-publish","hentry"],"acf":[],"yoast_head":"<!-- This site is optimized with the Yoast SEO plugin v27.5 - https:\/\/yoast.com\/product\/yoast-seo-wordpress\/ -->\n<title>Demands - Ocean Rebellion<\/title>\n<meta name=\"robots\" content=\"index, follow, max-snippet:-1, max-image-preview:large, max-video-preview:-1\" \/>\n<link rel=\"canonical\" href=\"https:\/\/oceanrebellion.earth\/fr\/demands\/\" \/>\n<meta property=\"og:locale\" content=\"fr_FR\" \/>\n<meta property=\"og:type\" content=\"article\" \/>\n<meta property=\"og:title\" content=\"Demands - Ocean Rebellion\" \/>\n<meta property=\"og:description\" content=\"About the dying Ocean. To stop blue carbon release, biodiversity loss, shipping emissions, Ocean acidification and deep sea mining. The UN must form a new, transparent, body to govern the Ocean for the benefit of ALL life. This new body must have the restoration and replenishment of the Ocean as its only measure of success.\" \/>\n<meta property=\"og:url\" content=\"https:\/\/oceanrebellion.earth\/fr\/demands\/\" \/>\n<meta property=\"og:site_name\" content=\"Ocean Rebellion\" \/>\n<meta property=\"article:publisher\" content=\"https:\/\/www.facebook.com\/oceanrebellion\" \/>\n<meta property=\"article:modified_time\" content=\"2025-09-30T14:13:21+00:00\" \/>\n<meta name=\"twitter:card\" content=\"summary_large_image\" \/>\n<meta name=\"twitter:site\" content=\"@oceanrebellion\" \/>\n<meta name=\"twitter:label1\" content=\"Est. reading time\" \/>\n\t<meta name=\"twitter:data1\" content=\"1 minute\" \/>\n<script type=\"application\/ld+json\" class=\"yoast-schema-graph\">{\"@context\":\"https:\\\/\\\/schema.org\",\"@graph\":[{\"@type\":\"WebPage\",\"@id\":\"https:\\\/\\\/oceanrebellion.earth\\\/demands\\\/\",\"url\":\"https:\\\/\\\/oceanrebellion.earth\\\/demands\\\/\",\"name\":\"Demands - Ocean Rebellion\",\"isPartOf\":{\"@id\":\"https:\\\/\\\/oceanrebellion.earth\\\/#website\"},\"datePublished\":\"2022-08-22T14:15:30+00:00\",\"dateModified\":\"2025-09-30T14:13:21+00:00\",\"breadcrumb\":{\"@id\":\"https:\\\/\\\/oceanrebellion.earth\\\/demands\\\/#breadcrumb\"},\"inLanguage\":\"fr-FR\",\"potentialAction\":[{\"@type\":\"ReadAction\",\"target\":[\"https:\\\/\\\/oceanrebellion.earth\\\/demands\\\/\"]}]},{\"@type\":\"BreadcrumbList\",\"@id\":\"https:\\\/\\\/oceanrebellion.earth\\\/demands\\\/#breadcrumb\",\"itemListElement\":[{\"@type\":\"ListItem\",\"position\":1,\"name\":\"Home\",\"item\":\"https:\\\/\\\/oceanrebellion.earth\\\/\"},{\"@type\":\"ListItem\",\"position\":2,\"name\":\"Demands\"}]},{\"@type\":\"WebSite\",\"@id\":\"https:\\\/\\\/oceanrebellion.earth\\\/#website\",\"url\":\"https:\\\/\\\/oceanrebellion.earth\\\/\",\"name\":\"Ocean Rebellion\",\"description\":\"\",\"publisher\":{\"@id\":\"https:\\\/\\\/oceanrebellion.earth\\\/#organization\"},\"potentialAction\":[{\"@type\":\"SearchAction\",\"target\":{\"@type\":\"EntryPoint\",\"urlTemplate\":\"https:\\\/\\\/oceanrebellion.earth\\\/?s={search_term_string}\"},\"query-input\":{\"@type\":\"PropertyValueSpecification\",\"valueRequired\":true,\"valueName\":\"search_term_string\"}}],\"inLanguage\":\"fr-FR\"},{\"@type\":\"Organization\",\"@id\":\"https:\\\/\\\/oceanrebellion.earth\\\/#organization\",\"name\":\"Ocean Rebellion\",\"url\":\"https:\\\/\\\/oceanrebellion.earth\\\/\",\"logo\":{\"@type\":\"ImageObject\",\"inLanguage\":\"fr-FR\",\"@id\":\"https:\\\/\\\/oceanrebellion.earth\\\/#\\\/schema\\\/logo\\\/image\\\/\",\"url\":\"https:\\\/\\\/ocean-rebellion.onyx-sites.io\\\/wp-content\\\/uploads\\\/2022\\\/08\\\/oceanrebellion-aboutUS-logo.svg\",\"contentUrl\":\"https:\\\/\\\/ocean-rebellion.onyx-sites.io\\\/wp-content\\\/uploads\\\/2022\\\/08\\\/oceanrebellion-aboutUS-logo.svg\",\"width\":540,\"height\":560,\"caption\":\"Ocean Rebellion\"},\"image\":{\"@id\":\"https:\\\/\\\/oceanrebellion.earth\\\/#\\\/schema\\\/logo\\\/image\\\/\"},\"sameAs\":[\"https:\\\/\\\/www.facebook.com\\\/oceanrebellion\",\"https:\\\/\\\/x.com\\\/oceanrebellion\",\"https:\\\/\\\/www.instagram.com\\\/theoceanrebellion\\\/\"]}]}<\/script>\n<!-- \/ Yoast SEO plugin. -->","yoast_head_json":{"title":"Exigences - Ocean Rebellion","robots":{"index":"index","follow":"follow","max-snippet":"max-snippet:-1","max-image-preview":"max-image-preview:large","max-video-preview":"max-video-preview:-1"},"canonical":"https:\/\/oceanrebellion.earth\/fr\/demands\/","og_locale":"fr_FR","og_type":"article","og_title":"Demands - Ocean Rebellion","og_description":"About the dying Ocean. To stop blue carbon release, biodiversity loss, shipping emissions, Ocean acidification and deep sea mining. The UN must form a new, transparent, body to govern the Ocean for the benefit of ALL life. This new body must have the restoration and replenishment of the Ocean as its only measure of success.","og_url":"https:\/\/oceanrebellion.earth\/fr\/demands\/","og_site_name":"Ocean Rebellion","article_publisher":"https:\/\/www.facebook.com\/oceanrebellion","article_modified_time":"2025-09-30T14:13:21+00:00","twitter_card":"summary_large_image","twitter_site":"@oceanrebellion","twitter_misc":{"Est. reading time":"1 minute"},"schema":{"@context":"https:\/\/schema.org","@graph":[{"@type":"WebPage","@id":"https:\/\/oceanrebellion.earth\/demands\/","url":"https:\/\/oceanrebellion.earth\/demands\/","name":"Exigences - Ocean Rebellion","isPartOf":{"@id":"https:\/\/oceanrebellion.earth\/#website"},"datePublished":"2022-08-22T14:15:30+00:00","dateModified":"2025-09-30T14:13:21+00:00","breadcrumb":{"@id":"https:\/\/oceanrebellion.earth\/demands\/#breadcrumb"},"inLanguage":"fr-FR","potentialAction":[{"@type":"ReadAction","target":["https:\/\/oceanrebellion.earth\/demands\/"]}]},{"@type":"BreadcrumbList","@id":"https:\/\/oceanrebellion.earth\/demands\/#breadcrumb","itemListElement":[{"@type":"ListItem","position":1,"name":"Home","item":"https:\/\/oceanrebellion.earth\/"},{"@type":"ListItem","position":2,"name":"Demands"}]},{"@type":"WebSite","@id":"https:\/\/oceanrebellion.earth\/#website","url":"https:\/\/oceanrebellion.earth\/","name":"La r\u00e9bellion de l'oc\u00e9an","description":"","publisher":{"@id":"https:\/\/oceanrebellion.earth\/#organization"},"potentialAction":[{"@type":"SearchAction","target":{"@type":"EntryPoint","urlTemplate":"https:\/\/oceanrebellion.earth\/?s={search_term_string}"},"query-input":{"@type":"PropertyValueSpecification","valueRequired":true,"valueName":"search_term_string"}}],"inLanguage":"fr-FR"},{"@type":"Organization","@id":"https:\/\/oceanrebellion.earth\/#organization","name":"La r\u00e9bellion de l'oc\u00e9an","url":"https:\/\/oceanrebellion.earth\/","logo":{"@type":"ImageObject","inLanguage":"fr-FR","@id":"https:\/\/oceanrebellion.earth\/#\/schema\/logo\/image\/","url":"https:\/\/ocean-rebellion.onyx-sites.io\/wp-content\/uploads\/2022\/08\/oceanrebellion-aboutUS-logo.svg","contentUrl":"https:\/\/ocean-rebellion.onyx-sites.io\/wp-content\/uploads\/2022\/08\/oceanrebellion-aboutUS-logo.svg","width":540,"height":560,"caption":"Ocean Rebellion"},"image":{"@id":"https:\/\/oceanrebellion.earth\/#\/schema\/logo\/image\/"},"sameAs":["https:\/\/www.facebook.com\/oceanrebellion","https:\/\/x.com\/oceanrebellion","https:\/\/www.instagram.com\/theoceanrebellion\/"]}]}},"campaignId":"","_links":{"self":[{"href":"https:\/\/oceanrebellion.earth\/fr\/wp-json\/wp\/v2\/pages\/10","targetHints":{"allow":["GET"]}}],"collection":[{"href":"https:\/\/oceanrebellion.earth\/fr\/wp-json\/wp\/v2\/pages"}],"about":[{"href":"https:\/\/oceanrebellion.earth\/fr\/wp-json\/wp\/v2\/types\/page"}],"author":[{"embeddable":true,"href":"https:\/\/oceanrebellion.earth\/fr\/wp-json\/wp\/v2\/users\/3"}],"replies":[{"embeddable":true,"href":"https:\/\/oceanrebellion.earth\/fr\/wp-json\/wp\/v2\/comments?post=10"}],"version-history":[{"count":14,"href":"https:\/\/oceanrebellion.earth\/fr\/wp-json\/wp\/v2\/pages\/10\/revisions"}],"predecessor-version":[{"id":5175,"href":"https:\/\/oceanrebellion.earth\/fr\/wp-json\/wp\/v2\/pages\/10\/revisions\/5175"}],"wp:attachment":[{"href":"https:\/\/oceanrebellion.earth\/fr\/wp-json\/wp\/v2\/media?parent=10"}],"curies":[{"name":"wp","href":"https:\/\/api.w.org\/{rel}","templated":true}]}}