{"id":19,"date":"2022-08-22T14:20:55","date_gmt":"2022-08-22T14:20:55","guid":{"rendered":"https:\/\/ocean-rebellion.onyx-sites.io\/?page_id=19"},"modified":"2024-11-01T14:12:13","modified_gmt":"2024-11-01T14:12:13","slug":"about","status":"publish","type":"page","link":"https:\/\/oceanrebellion.earth\/es\/about\/","title":{"rendered":"Sobre nosotros"},"content":{"rendered":"<figure class=\"wp-block-image size-large is-resized fit-height\"><img loading=\"lazy\" decoding=\"async\" width=\"540\" height=\"560\" src=\"https:\/\/ocean-rebellion.onyx-sites.io\/wp-content\/uploads\/2022\/08\/oceanrebellion-aboutUS-logo.svg\" alt=\"\" class=\"wp-image-148\" style=\"width:615px;height:auto\"\/><\/figure>\n\n\n\n<div style=\"height:32px\" aria-hidden=\"true\" class=\"wp-block-spacer\"><\/div>\n\n\n\n<p><strong>Porque el mar est\u00e1 subiendo, nosotros subiremos<br>Porque el coral se desvanece lucharemos<br>A medida que los mares sean minados, nos movilizaremos<br>Mientras se saquean los oc\u00e9anos, protestamos <\/strong><br><strong>Proteja nuestras aguas como protege a sus hijos <\/strong><br><strong>No dejes que la vida se agote<\/strong><\/p>\n\n\n\n<p>Ocean Rebellion es un colectivo art\u00edstico internacional de base que aborda la degradaci\u00f3n de los oc\u00e9anos y la p\u00e9rdida de biodiversidad concibiendo \"bombas art\u00edsticas\" l\u00fadicas, emotivas y espectaculares, intervenciones irresistibles para el legado, el comercio y las redes sociales, que atraen hasta mil millones de impresiones medi\u00e1ticas al a\u00f1o y ejercen una presi\u00f3n directa sobre las partes interesadas, al tiempo que sensibilizan a la opini\u00f3n p\u00fablica e incentivan a los responsables pol\u00edticos a servir al oc\u00e9ano, no a matarlo. &nbsp;<\/p>\n\n\n\n<p>El mar se muere y&nbsp;<strong>al morir el mar morimos nosotros.<\/strong><br><br>Ocean Rebellion (OR), creada en agosto de 2020 por un peque\u00f1o grupo que ha contribuido decisivamente a crear muchos de los movimientos internacionales actuales por el clima y la naturaleza, une los puntos entre la multitud de problemas de los oc\u00e9anos, como la sobrepesca, la contaminaci\u00f3n mar\u00edtima, la acidificaci\u00f3n, los micropl\u00e1sticos, el calentamiento, la acuicultura y la miner\u00eda. Reconocemos el oc\u00e9ano no como un recurso infinito para la explotaci\u00f3n, sino como un hogar maravilloso para la vida marina y los pulmones de la Tierra. Un oc\u00e9ano moribundo constituye la mayor parte de la crisis clim\u00e1tica y natural, pero recibe la menor atenci\u00f3n, una atenci\u00f3n que O estimula.<\/p>\n\n\n\n<p>OR es una flota de muchos barcos. Cada barco es aut\u00f3nomo y forma parte de una flota creciente, todos conectados y navegando como uno solo. Si tu mar carece de barco y quieres zarpar con nosotros, ponte en contacto con nosotros y te echaremos un cable (o mejor a\u00fan, organizaremos un taller).<\/p>\n\n\n\n<div class=\"forminator-guttenberg\"><div class=\"forminator-ui forminator-custom-form forminator-custom-form-139   forminator_ajax\" data-forminator-render=\"0\" data-form=\"forminator-module-139\" data-uid=\"69d139ffa51c3\"><br\/><\/div><form\n\t\t\t\tid=\"forminator-module-139\"\n\t\t\t\tclass=\"forminator-ui forminator-custom-form forminator-custom-form-139   forminator_ajax\"\n\t\t\t\tmethod=\"post\"\n\t\t\t\tdata-forminator-render=\"0\"\n\t\t\t\tdata-form-id=\"139\"\n\t\t\t\t data-color-option=\"default\" data-design=\"none\" data-grid=\"open\" style=\"display: none;\"\n\t\t\t\tdata-uid=\"69d139ffa51c3\" action=\"\"\n\t\t\t><div role=\"alert\" aria-live=\"polite\" class=\"forminator-response-message forminator-error\" aria-hidden=\"true\"><\/div><div class=\"forminator-row\"><div id=\"select-1\" class=\"forminator-field-select forminator-col forminator-col-12  half-width\"><div class=\"forminator-field\"><label for=\"forminator-form-139__field--select-1_69d139ffa51c3\" id=\"forminator-form-139__field--select-1_69d139ffa51c3-label\" class=\"forminator-label\">\u00bfD\u00f3nde tiene su sede?<\/label><select  id=\"forminator-form-139__field--select-1_69d139ffa51c3\" class=\"forminator-select--field forminator-select2 forminator-select2-multiple\" data-required=\"\" name=\"select-1\" data-default-value=\"UK\" data-placeholder=\"\" data-search=\"false\" data-search-placeholder=\"\" data-checkbox=\"false\" data-allow-clear=\"false\" aria-labelledby=\"forminator-form-139__field--select-1_69d139ffa51c3-label\"><option value=\"UK\" selected=\"selected\" data-calculation=\"0\">REINO UNIDO<\/option><option value=\"Netherlands\"  data-calculation=\"0\">Pa\u00edses Bajos<\/option><option value=\"General-enquiry\"  data-calculation=\"0\">De d\u00f3nde soy no es importante<\/option><\/select><\/div><\/div><\/div><div class=\"forminator-row\"><div id=\"name-1\" class=\"forminator-field-name forminator-col forminator-col-6  inner-label\"><div class=\"forminator-field\"><label for=\"forminator-field-name-1_69d139ffa51c3\" id=\"forminator-field-name-1_69d139ffa51c3-label\" class=\"forminator-label\">Nombre <span class=\"forminator-required\">*<\/span><\/label><input type=\"text\" name=\"name-1\" value=\"\" placeholder=\"Nombre\" id=\"forminator-field-name-1_69d139ffa51c3\" class=\"forminator-input forminator-name--field\" aria-required=\"true\" autocomplete=\"name\" \/><\/div><\/div><div id=\"name-2\" class=\"forminator-field-name forminator-col forminator-col-6  inner-label\"><div class=\"forminator-field\"><label for=\"forminator-field-name-2_69d139ffa51c3\" id=\"forminator-field-name-2_69d139ffa51c3-label\" class=\"forminator-label\">Apellido <span class=\"forminator-required\">*<\/span><\/label><input type=\"text\" name=\"name-2\" value=\"\" placeholder=\"Apellido\" id=\"forminator-field-name-2_69d139ffa51c3\" class=\"forminator-input forminator-name--field\" aria-required=\"true\" autocomplete=\"name\" \/><\/div><\/div><\/div><div class=\"forminator-row\"><div id=\"email-1\" class=\"forminator-field-email forminator-col forminator-col-6  inner-label\"><div class=\"forminator-field\"><label for=\"forminator-field-email-1_69d139ffa51c3\" id=\"forminator-field-email-1_69d139ffa51c3-label\" class=\"forminator-label\">Direcci\u00f3n de correo electr\u00f3nico <span class=\"forminator-required\">*<\/span><\/label><input type=\"email\" name=\"email-1\" value=\"\" placeholder=\"Direcci\u00f3n de correo electr\u00f3nico\" id=\"forminator-field-email-1_69d139ffa51c3\" class=\"forminator-input forminator-email--field\" data-required=\"1\" aria-required=\"true\" autocomplete=\"email\" \/><\/div><\/div><div id=\"phone-1\" class=\"forminator-field-phone forminator-col forminator-col-6  inner-label\"><div class=\"forminator-field\"><label for=\"forminator-field-phone-1_69d139ffa51c3\" id=\"forminator-field-phone-1_69d139ffa51c3-label\" class=\"forminator-label\">Tel\u00e9fono<\/label><input type=\"text\" name=\"phone-1\" value=\"\" placeholder=\"Tel\u00e9fono\" id=\"forminator-field-phone-1_69d139ffa51c3\" class=\"forminator-input forminator-field--phone\" data-required=\"\" aria-required=\"false\" autocomplete=\"off\" \/><\/div><\/div><\/div><div class=\"forminator-row\"><div id=\"text-1\" class=\"forminator-field-text forminator-col forminator-col-12  inner-label\"><div class=\"forminator-field\"><label for=\"forminator-field-text-1_69d139ffa51c3\" id=\"forminator-field-text-1_69d139ffa51c3-label\" class=\"forminator-label\">Asunto <span class=\"forminator-required\">*<\/span><\/label><input type=\"text\" name=\"text-1\" value=\"\" placeholder=\"Asunto\" id=\"forminator-field-text-1_69d139ffa51c3\" class=\"forminator-input forminator-name--field\" data-required=\"1\" \/><\/div><\/div><\/div><div class=\"forminator-row\"><div id=\"textarea-1\" class=\"forminator-field-textarea forminator-col forminator-col-12  inner-label\"><div class=\"forminator-field\"><label for=\"forminator-field-textarea-1_69d139ffa51c3\" id=\"forminator-field-textarea-1_69d139ffa51c3-label\" class=\"forminator-label\">Mensaje<\/label><textarea name=\"textarea-1\" placeholder=\"Mensaje\" id=\"forminator-field-textarea-1_69d139ffa51c3\" class=\"forminator-textarea\" rows=\"6\" style=\"min-height:140px;\" ><\/textarea><\/div><\/div><\/div><input type=\"hidden\" name=\"referer_url\" value=\"\" \/><div class=\"forminator-row forminator-row-last\"><div class=\"forminator-col\"><div class=\"forminator-field\"><button class=\"forminator-button forminator-button-submit half-width\">Enviar<\/button><\/div><\/div><\/div><input type=\"hidden\" id=\"forminator_nonce\" name=\"forminator_nonce\" value=\"34a0e02c68\" \/><input type=\"hidden\" name=\"_wp_http_referer\" value=\"\/es\/wp-json\/wp\/v2\/pages\/19\" \/><input type=\"hidden\" name=\"form_id\" value=\"139\"><input type=\"hidden\" name=\"page_id\" value=\"19\"><input type=\"hidden\" name=\"form_type\" value=\"default\"><input type=\"hidden\" name=\"current_url\" value=\"https:\/\/oceanrebellion.earth\/es\/about\/\"><input type=\"hidden\" name=\"render_id\" value=\"0\"><input type=\"hidden\" name=\"action\" value=\"forminator_submit_form_custom-forms\"><label for=\"input_8\" class=\"forminator-hidden\" aria-hidden=\"true\">No rellene este campo. <input id=\"input_8\" type=\"text\" name=\"input_8\" value=\"\" autocomplete=\"off\"><\/label><input type=\"hidden\" name=\"trp-form-language\" value=\"es\"\/><\/form><\/div>\n\n\n\n<p><\/p>","protected":false},"excerpt":{"rendered":"<p>Because the sea is rising we will riseBecause the coral is fading we will fightAs the seas are mined we will mobiliseWhile the oceans are plundered we will protest Protect our waters like you protect your children Don\u2019t let life drain away Ocean Rebellion is an international grassroots art collective which tackles Ocean degradation and [&hellip;]<\/p>\n","protected":false},"author":3,"featured_media":0,"parent":0,"menu_order":4,"comment_status":"closed","ping_status":"closed","template":"","meta":{"_acf_changed":false,"give_campaign_id":0,"footnotes":""},"class_list":["post-19","page","type-page","status-publish","hentry"],"acf":[],"yoast_head":"<!-- This site is optimized with the Yoast SEO plugin v27.3 - https:\/\/yoast.com\/product\/yoast-seo-wordpress\/ -->\n<title>About us - Ocean Rebellion<\/title>\n<meta name=\"description\" content=\"Ocean Rebellion is an art collective who tackle Ocean degradation and biodiversity loss by conceiving playful, emotive and spectacular art interventions.\" \/>\n<meta name=\"robots\" content=\"index, follow, max-snippet:-1, max-image-preview:large, max-video-preview:-1\" \/>\n<link rel=\"canonical\" href=\"https:\/\/oceanrebellion.earth\/es\/about\/\" \/>\n<meta property=\"og:locale\" content=\"es_ES\" \/>\n<meta property=\"og:type\" content=\"article\" \/>\n<meta property=\"og:title\" content=\"About us - Ocean Rebellion\" \/>\n<meta property=\"og:description\" content=\"Ocean Rebellion is an art collective who tackle Ocean degradation and biodiversity loss by conceiving playful, emotive and spectacular art interventions.\" \/>\n<meta property=\"og:url\" content=\"https:\/\/oceanrebellion.earth\/es\/about\/\" \/>\n<meta property=\"og:site_name\" content=\"Ocean Rebellion\" \/>\n<meta property=\"article:publisher\" content=\"https:\/\/www.facebook.com\/oceanrebellion\" \/>\n<meta property=\"article:modified_time\" content=\"2024-11-01T14:12:13+00:00\" \/>\n<meta name=\"twitter:card\" content=\"summary_large_image\" \/>\n<meta name=\"twitter:site\" content=\"@oceanrebellion\" \/>\n<meta name=\"twitter:label1\" content=\"Est. reading time\" \/>\n\t<meta name=\"twitter:data1\" content=\"2 minutes\" \/>\n<script type=\"application\/ld+json\" class=\"yoast-schema-graph\">{\"@context\":\"https:\\\/\\\/schema.org\",\"@graph\":[{\"@type\":\"WebPage\",\"@id\":\"https:\\\/\\\/oceanrebellion.earth\\\/about\\\/\",\"url\":\"https:\\\/\\\/oceanrebellion.earth\\\/about\\\/\",\"name\":\"About us - Ocean Rebellion\",\"isPartOf\":{\"@id\":\"https:\\\/\\\/oceanrebellion.earth\\\/#website\"},\"primaryImageOfPage\":{\"@id\":\"https:\\\/\\\/oceanrebellion.earth\\\/about\\\/#primaryimage\"},\"image\":{\"@id\":\"https:\\\/\\\/oceanrebellion.earth\\\/about\\\/#primaryimage\"},\"thumbnailUrl\":\"https:\\\/\\\/ocean-rebellion.onyx-sites.io\\\/wp-content\\\/uploads\\\/2022\\\/08\\\/oceanrebellion-aboutUS-logo.svg\",\"datePublished\":\"2022-08-22T14:20:55+00:00\",\"dateModified\":\"2024-11-01T14:12:13+00:00\",\"description\":\"Ocean Rebellion is an art collective who tackle Ocean degradation and biodiversity loss by conceiving playful, emotive and spectacular art interventions.\",\"breadcrumb\":{\"@id\":\"https:\\\/\\\/oceanrebellion.earth\\\/about\\\/#breadcrumb\"},\"inLanguage\":\"es-ES\",\"potentialAction\":[{\"@type\":\"ReadAction\",\"target\":[\"https:\\\/\\\/oceanrebellion.earth\\\/about\\\/\"]}]},{\"@type\":\"ImageObject\",\"inLanguage\":\"es-ES\",\"@id\":\"https:\\\/\\\/oceanrebellion.earth\\\/about\\\/#primaryimage\",\"url\":\"https:\\\/\\\/ocean-rebellion.onyx-sites.io\\\/wp-content\\\/uploads\\\/2022\\\/08\\\/oceanrebellion-aboutUS-logo.svg\",\"contentUrl\":\"https:\\\/\\\/ocean-rebellion.onyx-sites.io\\\/wp-content\\\/uploads\\\/2022\\\/08\\\/oceanrebellion-aboutUS-logo.svg\"},{\"@type\":\"BreadcrumbList\",\"@id\":\"https:\\\/\\\/oceanrebellion.earth\\\/about\\\/#breadcrumb\",\"itemListElement\":[{\"@type\":\"ListItem\",\"position\":1,\"name\":\"Home\",\"item\":\"https:\\\/\\\/oceanrebellion.earth\\\/\"},{\"@type\":\"ListItem\",\"position\":2,\"name\":\"About us\"}]},{\"@type\":\"WebSite\",\"@id\":\"https:\\\/\\\/oceanrebellion.earth\\\/#website\",\"url\":\"https:\\\/\\\/oceanrebellion.earth\\\/\",\"name\":\"Ocean Rebellion\",\"description\":\"\",\"publisher\":{\"@id\":\"https:\\\/\\\/oceanrebellion.earth\\\/#organization\"},\"potentialAction\":[{\"@type\":\"SearchAction\",\"target\":{\"@type\":\"EntryPoint\",\"urlTemplate\":\"https:\\\/\\\/oceanrebellion.earth\\\/?s={search_term_string}\"},\"query-input\":{\"@type\":\"PropertyValueSpecification\",\"valueRequired\":true,\"valueName\":\"search_term_string\"}}],\"inLanguage\":\"es-ES\"},{\"@type\":\"Organization\",\"@id\":\"https:\\\/\\\/oceanrebellion.earth\\\/#organization\",\"name\":\"Ocean Rebellion\",\"url\":\"https:\\\/\\\/oceanrebellion.earth\\\/\",\"logo\":{\"@type\":\"ImageObject\",\"inLanguage\":\"es-ES\",\"@id\":\"https:\\\/\\\/oceanrebellion.earth\\\/#\\\/schema\\\/logo\\\/image\\\/\",\"url\":\"https:\\\/\\\/ocean-rebellion.onyx-sites.io\\\/wp-content\\\/uploads\\\/2022\\\/08\\\/oceanrebellion-aboutUS-logo.svg\",\"contentUrl\":\"https:\\\/\\\/ocean-rebellion.onyx-sites.io\\\/wp-content\\\/uploads\\\/2022\\\/08\\\/oceanrebellion-aboutUS-logo.svg\",\"width\":540,\"height\":560,\"caption\":\"Ocean Rebellion\"},\"image\":{\"@id\":\"https:\\\/\\\/oceanrebellion.earth\\\/#\\\/schema\\\/logo\\\/image\\\/\"},\"sameAs\":[\"https:\\\/\\\/www.facebook.com\\\/oceanrebellion\",\"https:\\\/\\\/x.com\\\/oceanrebellion\",\"https:\\\/\\\/www.instagram.com\\\/theoceanrebellion\\\/\"]}]}<\/script>\n<!-- \/ Yoast SEO plugin. -->","yoast_head_json":{"title":"Sobre nosotros - Ocean Rebellion","description":"Ocean Rebellion es un colectivo art\u00edstico que aborda la degradaci\u00f3n de los oc\u00e9anos y la p\u00e9rdida de biodiversidad concibiendo intervenciones art\u00edsticas l\u00fadicas, emotivas y espectaculares.","robots":{"index":"index","follow":"follow","max-snippet":"max-snippet:-1","max-image-preview":"max-image-preview:large","max-video-preview":"max-video-preview:-1"},"canonical":"https:\/\/oceanrebellion.earth\/es\/about\/","og_locale":"es_ES","og_type":"article","og_title":"About us - Ocean Rebellion","og_description":"Ocean Rebellion is an art collective who tackle Ocean degradation and biodiversity loss by conceiving playful, emotive and spectacular art interventions.","og_url":"https:\/\/oceanrebellion.earth\/es\/about\/","og_site_name":"Ocean Rebellion","article_publisher":"https:\/\/www.facebook.com\/oceanrebellion","article_modified_time":"2024-11-01T14:12:13+00:00","twitter_card":"summary_large_image","twitter_site":"@oceanrebellion","twitter_misc":{"Est. reading time":"2 minutes"},"schema":{"@context":"https:\/\/schema.org","@graph":[{"@type":"WebPage","@id":"https:\/\/oceanrebellion.earth\/about\/","url":"https:\/\/oceanrebellion.earth\/about\/","name":"Sobre nosotros - Ocean Rebellion","isPartOf":{"@id":"https:\/\/oceanrebellion.earth\/#website"},"primaryImageOfPage":{"@id":"https:\/\/oceanrebellion.earth\/about\/#primaryimage"},"image":{"@id":"https:\/\/oceanrebellion.earth\/about\/#primaryimage"},"thumbnailUrl":"https:\/\/ocean-rebellion.onyx-sites.io\/wp-content\/uploads\/2022\/08\/oceanrebellion-aboutUS-logo.svg","datePublished":"2022-08-22T14:20:55+00:00","dateModified":"2024-11-01T14:12:13+00:00","description":"Ocean Rebellion es un colectivo art\u00edstico que aborda la degradaci\u00f3n de los oc\u00e9anos y la p\u00e9rdida de biodiversidad concibiendo intervenciones art\u00edsticas l\u00fadicas, emotivas y espectaculares.","breadcrumb":{"@id":"https:\/\/oceanrebellion.earth\/about\/#breadcrumb"},"inLanguage":"es-ES","potentialAction":[{"@type":"ReadAction","target":["https:\/\/oceanrebellion.earth\/about\/"]}]},{"@type":"ImageObject","inLanguage":"es-ES","@id":"https:\/\/oceanrebellion.earth\/about\/#primaryimage","url":"https:\/\/ocean-rebellion.onyx-sites.io\/wp-content\/uploads\/2022\/08\/oceanrebellion-aboutUS-logo.svg","contentUrl":"https:\/\/ocean-rebellion.onyx-sites.io\/wp-content\/uploads\/2022\/08\/oceanrebellion-aboutUS-logo.svg"},{"@type":"BreadcrumbList","@id":"https:\/\/oceanrebellion.earth\/about\/#breadcrumb","itemListElement":[{"@type":"ListItem","position":1,"name":"Home","item":"https:\/\/oceanrebellion.earth\/"},{"@type":"ListItem","position":2,"name":"About us"}]},{"@type":"WebSite","@id":"https:\/\/oceanrebellion.earth\/#website","url":"https:\/\/oceanrebellion.earth\/","name":"Rebeli\u00f3n oce\u00e1nica","description":"","publisher":{"@id":"https:\/\/oceanrebellion.earth\/#organization"},"potentialAction":[{"@type":"SearchAction","target":{"@type":"EntryPoint","urlTemplate":"https:\/\/oceanrebellion.earth\/?s={search_term_string}"},"query-input":{"@type":"PropertyValueSpecification","valueRequired":true,"valueName":"search_term_string"}}],"inLanguage":"es-ES"},{"@type":"Organization","@id":"https:\/\/oceanrebellion.earth\/#organization","name":"Rebeli\u00f3n oce\u00e1nica","url":"https:\/\/oceanrebellion.earth\/","logo":{"@type":"ImageObject","inLanguage":"es-ES","@id":"https:\/\/oceanrebellion.earth\/#\/schema\/logo\/image\/","url":"https:\/\/ocean-rebellion.onyx-sites.io\/wp-content\/uploads\/2022\/08\/oceanrebellion-aboutUS-logo.svg","contentUrl":"https:\/\/ocean-rebellion.onyx-sites.io\/wp-content\/uploads\/2022\/08\/oceanrebellion-aboutUS-logo.svg","width":540,"height":560,"caption":"Ocean Rebellion"},"image":{"@id":"https:\/\/oceanrebellion.earth\/#\/schema\/logo\/image\/"},"sameAs":["https:\/\/www.facebook.com\/oceanrebellion","https:\/\/x.com\/oceanrebellion","https:\/\/www.instagram.com\/theoceanrebellion\/"]}]}},"campaignId":"","_links":{"self":[{"href":"https:\/\/oceanrebellion.earth\/es\/wp-json\/wp\/v2\/pages\/19","targetHints":{"allow":["GET"]}}],"collection":[{"href":"https:\/\/oceanrebellion.earth\/es\/wp-json\/wp\/v2\/pages"}],"about":[{"href":"https:\/\/oceanrebellion.earth\/es\/wp-json\/wp\/v2\/types\/page"}],"author":[{"embeddable":true,"href":"https:\/\/oceanrebellion.earth\/es\/wp-json\/wp\/v2\/users\/3"}],"replies":[{"embeddable":true,"href":"https:\/\/oceanrebellion.earth\/es\/wp-json\/wp\/v2\/comments?post=19"}],"version-history":[{"count":22,"href":"https:\/\/oceanrebellion.earth\/es\/wp-json\/wp\/v2\/pages\/19\/revisions"}],"predecessor-version":[{"id":4215,"href":"https:\/\/oceanrebellion.earth\/es\/wp-json\/wp\/v2\/pages\/19\/revisions\/4215"}],"wp:attachment":[{"href":"https:\/\/oceanrebellion.earth\/es\/wp-json\/wp\/v2\/media?parent=19"}],"curies":[{"name":"wp","href":"https:\/\/api.w.org\/{rel}","templated":true}]}}