{"id":19,"date":"2022-08-22T14:20:55","date_gmt":"2022-08-22T14:20:55","guid":{"rendered":"https:\/\/ocean-rebellion.onyx-sites.io\/?page_id=19"},"modified":"2024-11-01T14:12:13","modified_gmt":"2024-11-01T14:12:13","slug":"about","status":"publish","type":"page","link":"https:\/\/oceanrebellion.earth\/de\/about\/","title":{"rendered":"\u00dcber uns"},"content":{"rendered":"<figure class=\"wp-block-image size-large is-resized fit-height\"><img loading=\"lazy\" decoding=\"async\" width=\"540\" height=\"560\" src=\"https:\/\/ocean-rebellion.onyx-sites.io\/wp-content\/uploads\/2022\/08\/oceanrebellion-aboutUS-logo.svg\" alt=\"\" class=\"wp-image-148\" style=\"width:615px;height:auto\"\/><\/figure>\n\n\n\n<div style=\"height:32px\" aria-hidden=\"true\" class=\"wp-block-spacer\"><\/div>\n\n\n\n<p><strong>Weil das Meer steigt, werden wir steigen<br>Weil die Koralle verblasst, werden wir k\u00e4mpfen<br>Wenn die Meere vermint sind, werden wir mobilisieren<br>W\u00e4hrend die Ozeane gepl\u00fcndert werden, werden wir protestieren <\/strong><br><strong>Sch\u00fctzen Sie unsere Gew\u00e4sser, wie Sie Ihre Kinder sch\u00fctzen <\/strong><br><strong>Lass das Leben nicht auslaufen<\/strong><\/p>\n\n\n\n<p>Ocean Rebellion ist ein internationales Basis-Kunstkollektiv, das gegen die Zerst\u00f6rung der Ozeane und den Verlust der biologischen Vielfalt vorgeht, indem es spielerische, emotionale und spektakul\u00e4re \"Kunstbomben\" entwirft, Interventionen, die f\u00fcr die Legacy, den Handel und die sozialen Medien unwiderstehlich sind, bis zu einer Milliarde Medienaufrufe pro Jahr anziehen und direkten Druck auf fehlbare Interessengruppen aus\u00fcben, w\u00e4hrend es gleichzeitig das \u00f6ffentliche Bewusstsein sch\u00e4rft und die politischen Entscheidungstr\u00e4ger dazu anregt, dem Ozean zu dienen, anstatt ihn zu t\u00f6ten. &nbsp;<\/p>\n\n\n\n<p>Das Meer ist am Sterben und&nbsp;<strong>Wenn das Meer stirbt, sterben wir.<\/strong><br><br>Die Ocean Rebellion (OR) wurde im August 2020 von einer kleinen Gruppe ins Leben gerufen, die ma\u00dfgeblich an der Gr\u00fcndung vieler internationaler Klima- und Naturbewegungen beteiligt war. Sie verbindet die zahlreichen Probleme des Ozeans wie \u00dcberfischung, Verschmutzung durch den Schiffsverkehr, Versauerung, Mikroplastik, Erw\u00e4rmung, Aquakultur und Bergbau. Wir sehen den Ozean nicht als unendliche Ressource, die ausgebeutet werden kann, sondern als wunderbare Heimat f\u00fcr Meereslebewesen und als Lunge der Erde. Ein sterbender Ozean macht den gr\u00f6\u00dften Teil der Klima- und Naturkrise aus, erh\u00e4lt aber die geringste Aufmerksamkeit - Aufmerksamkeit, die OR anregt.<\/p>\n\n\n\n<p>OR ist eine Flotte mit vielen Schiffen. Jedes Schiff ist selbstverwaltet und Teil einer wachsenden Flotte, die alle miteinander verbunden sind und als Einheit segeln. Wenn Ihrem Meer ein Schiff fehlt und Sie mit uns in See stechen m\u00f6chten, kontaktieren Sie uns unten und wir werden Ihnen eine Leine zuwerfen (oder besser noch einen Workshop veranstalten).<\/p>\n\n\n\n<div class=\"forminator-guttenberg\"><div class=\"forminator-ui forminator-custom-form forminator-custom-form-139   forminator_ajax\" data-forminator-render=\"0\" data-form=\"forminator-module-139\" data-uid=\"69d16404cc5c3\"><br\/><\/div><form\n\t\t\t\tid=\"forminator-module-139\"\n\t\t\t\tclass=\"forminator-ui forminator-custom-form forminator-custom-form-139   forminator_ajax\"\n\t\t\t\tmethod=\"post\"\n\t\t\t\tdata-forminator-render=\"0\"\n\t\t\t\tdata-form-id=\"139\"\n\t\t\t\t data-color-option=\"default\" data-design=\"none\" data-grid=\"open\" style=\"display: none;\"\n\t\t\t\tdata-uid=\"69d16404cc5c3\" action=\"\"\n\t\t\t><div role=\"alert\" aria-live=\"polite\" class=\"forminator-response-message forminator-error\" aria-hidden=\"true\"><\/div><div class=\"forminator-row\"><div id=\"select-1\" class=\"forminator-field-select forminator-col forminator-col-12  half-width\"><div class=\"forminator-field\"><label for=\"forminator-form-139__field--select-1_69d16404cc5c3\" id=\"forminator-form-139__field--select-1_69d16404cc5c3-label\" class=\"forminator-label\">Wo sind Sie ans\u00e4ssig?<\/label><select  id=\"forminator-form-139__field--select-1_69d16404cc5c3\" class=\"forminator-select--field forminator-select2 forminator-select2-multiple\" data-required=\"\" name=\"select-1\" data-default-value=\"UK\" data-placeholder=\"\" data-search=\"false\" data-search-placeholder=\"\" data-checkbox=\"false\" data-allow-clear=\"false\" aria-labelledby=\"forminator-form-139__field--select-1_69d16404cc5c3-label\"><option value=\"UK\" selected=\"selected\" data-calculation=\"0\">UK<\/option><option value=\"Netherlands\"  data-calculation=\"0\">Niederlande<\/option><option value=\"General-enquiry\"  data-calculation=\"0\">Woher ich komme, ist nicht wichtig<\/option><\/select><\/div><\/div><\/div><div class=\"forminator-row\"><div id=\"name-1\" class=\"forminator-field-name forminator-col forminator-col-6  inner-label\"><div class=\"forminator-field\"><label for=\"forminator-field-name-1_69d16404cc5c3\" id=\"forminator-field-name-1_69d16404cc5c3-label\" class=\"forminator-label\">Vornamen <span class=\"forminator-required\">*<\/span><\/label><input type=\"text\" name=\"name-1\" value=\"\" placeholder=\"Vornamen\" id=\"forminator-field-name-1_69d16404cc5c3\" class=\"forminator-input forminator-name--field\" aria-required=\"true\" autocomplete=\"name\" \/><\/div><\/div><div id=\"name-2\" class=\"forminator-field-name forminator-col forminator-col-6  inner-label\"><div class=\"forminator-field\"><label for=\"forminator-field-name-2_69d16404cc5c3\" id=\"forminator-field-name-2_69d16404cc5c3-label\" class=\"forminator-label\">Nachname <span class=\"forminator-required\">*<\/span><\/label><input type=\"text\" name=\"name-2\" value=\"\" placeholder=\"Nachname\" id=\"forminator-field-name-2_69d16404cc5c3\" class=\"forminator-input forminator-name--field\" aria-required=\"true\" autocomplete=\"name\" \/><\/div><\/div><\/div><div class=\"forminator-row\"><div id=\"email-1\" class=\"forminator-field-email forminator-col forminator-col-6  inner-label\"><div class=\"forminator-field\"><label for=\"forminator-field-email-1_69d16404cc5c3\" id=\"forminator-field-email-1_69d16404cc5c3-label\" class=\"forminator-label\">E-Mail Adresse <span class=\"forminator-required\">*<\/span><\/label><input type=\"email\" name=\"email-1\" value=\"\" placeholder=\"E-Mail Adresse\" id=\"forminator-field-email-1_69d16404cc5c3\" class=\"forminator-input forminator-email--field\" data-required=\"1\" aria-required=\"true\" autocomplete=\"email\" \/><\/div><\/div><div id=\"phone-1\" class=\"forminator-field-phone forminator-col forminator-col-6  inner-label\"><div class=\"forminator-field\"><label for=\"forminator-field-phone-1_69d16404cc5c3\" id=\"forminator-field-phone-1_69d16404cc5c3-label\" class=\"forminator-label\">Telefon<\/label><input type=\"text\" name=\"phone-1\" value=\"\" placeholder=\"Telefon\" id=\"forminator-field-phone-1_69d16404cc5c3\" class=\"forminator-input forminator-field--phone\" data-required=\"\" aria-required=\"false\" autocomplete=\"off\" \/><\/div><\/div><\/div><div class=\"forminator-row\"><div id=\"text-1\" class=\"forminator-field-text forminator-col forminator-col-12  inner-label\"><div class=\"forminator-field\"><label for=\"forminator-field-text-1_69d16404cc5c3\" id=\"forminator-field-text-1_69d16404cc5c3-label\" class=\"forminator-label\">Thema <span class=\"forminator-required\">*<\/span><\/label><input type=\"text\" name=\"text-1\" value=\"\" placeholder=\"Thema\" id=\"forminator-field-text-1_69d16404cc5c3\" class=\"forminator-input forminator-name--field\" data-required=\"1\" \/><\/div><\/div><\/div><div class=\"forminator-row\"><div id=\"textarea-1\" class=\"forminator-field-textarea forminator-col forminator-col-12  inner-label\"><div class=\"forminator-field\"><label for=\"forminator-field-textarea-1_69d16404cc5c3\" id=\"forminator-field-textarea-1_69d16404cc5c3-label\" class=\"forminator-label\">Nachricht<\/label><textarea name=\"textarea-1\" placeholder=\"Nachricht\" id=\"forminator-field-textarea-1_69d16404cc5c3\" class=\"forminator-textarea\" rows=\"6\" style=\"min-height:140px;\" ><\/textarea><\/div><\/div><\/div><input type=\"hidden\" name=\"referer_url\" value=\"\" \/><div class=\"forminator-row forminator-row-last\"><div class=\"forminator-col\"><div class=\"forminator-field\"><button class=\"forminator-button forminator-button-submit half-width\">Senden Sie<\/button><\/div><\/div><\/div><input type=\"hidden\" id=\"forminator_nonce\" name=\"forminator_nonce\" value=\"34a0e02c68\" \/><input type=\"hidden\" name=\"_wp_http_referer\" value=\"\/de\/wp-json\/wp\/v2\/pages\/19\" \/><input type=\"hidden\" name=\"form_id\" value=\"139\"><input type=\"hidden\" name=\"page_id\" value=\"19\"><input type=\"hidden\" name=\"form_type\" value=\"default\"><input type=\"hidden\" name=\"current_url\" value=\"https:\/\/oceanrebellion.earth\/de\/about\/\"><input type=\"hidden\" name=\"render_id\" value=\"0\"><input type=\"hidden\" name=\"action\" value=\"forminator_submit_form_custom-forms\"><label for=\"input_8\" class=\"forminator-hidden\" aria-hidden=\"true\">Bitte f\u00fcllen Sie dieses Feld nicht aus. <input id=\"input_8\" type=\"text\" name=\"input_8\" value=\"\" autocomplete=\"off\"><\/label><input type=\"hidden\" name=\"trp-form-language\" value=\"de\"\/><\/form><\/div>\n\n\n\n<p><\/p>","protected":false},"excerpt":{"rendered":"<p>Because the sea is rising we will riseBecause the coral is fading we will fightAs the seas are mined we will mobiliseWhile the oceans are plundered we will protest Protect our waters like you protect your children Don\u2019t let life drain away Ocean Rebellion is an international grassroots art collective which tackles Ocean degradation and [&hellip;]<\/p>\n","protected":false},"author":3,"featured_media":0,"parent":0,"menu_order":4,"comment_status":"closed","ping_status":"closed","template":"","meta":{"_acf_changed":false,"give_campaign_id":0,"footnotes":""},"class_list":["post-19","page","type-page","status-publish","hentry"],"acf":[],"yoast_head":"<!-- This site is optimized with the Yoast SEO plugin v27.3 - https:\/\/yoast.com\/product\/yoast-seo-wordpress\/ -->\n<title>About us - Ocean Rebellion<\/title>\n<meta name=\"description\" content=\"Ocean Rebellion is an art collective who tackle Ocean degradation and biodiversity loss by conceiving playful, emotive and spectacular art interventions.\" \/>\n<meta name=\"robots\" content=\"index, follow, max-snippet:-1, max-image-preview:large, max-video-preview:-1\" \/>\n<link rel=\"canonical\" href=\"https:\/\/oceanrebellion.earth\/de\/about\/\" \/>\n<meta property=\"og:locale\" content=\"de_DE\" \/>\n<meta property=\"og:type\" content=\"article\" \/>\n<meta property=\"og:title\" content=\"About us - Ocean Rebellion\" \/>\n<meta property=\"og:description\" content=\"Ocean Rebellion is an art collective who tackle Ocean degradation and biodiversity loss by conceiving playful, emotive and spectacular art interventions.\" \/>\n<meta property=\"og:url\" content=\"https:\/\/oceanrebellion.earth\/de\/about\/\" \/>\n<meta property=\"og:site_name\" content=\"Ocean Rebellion\" \/>\n<meta property=\"article:publisher\" content=\"https:\/\/www.facebook.com\/oceanrebellion\" \/>\n<meta property=\"article:modified_time\" content=\"2024-11-01T14:12:13+00:00\" \/>\n<meta name=\"twitter:card\" content=\"summary_large_image\" \/>\n<meta name=\"twitter:site\" content=\"@oceanrebellion\" \/>\n<meta name=\"twitter:label1\" content=\"Est. reading time\" \/>\n\t<meta name=\"twitter:data1\" content=\"2 minutes\" \/>\n<script type=\"application\/ld+json\" class=\"yoast-schema-graph\">{\"@context\":\"https:\\\/\\\/schema.org\",\"@graph\":[{\"@type\":\"WebPage\",\"@id\":\"https:\\\/\\\/oceanrebellion.earth\\\/about\\\/\",\"url\":\"https:\\\/\\\/oceanrebellion.earth\\\/about\\\/\",\"name\":\"About us - Ocean Rebellion\",\"isPartOf\":{\"@id\":\"https:\\\/\\\/oceanrebellion.earth\\\/#website\"},\"primaryImageOfPage\":{\"@id\":\"https:\\\/\\\/oceanrebellion.earth\\\/about\\\/#primaryimage\"},\"image\":{\"@id\":\"https:\\\/\\\/oceanrebellion.earth\\\/about\\\/#primaryimage\"},\"thumbnailUrl\":\"https:\\\/\\\/ocean-rebellion.onyx-sites.io\\\/wp-content\\\/uploads\\\/2022\\\/08\\\/oceanrebellion-aboutUS-logo.svg\",\"datePublished\":\"2022-08-22T14:20:55+00:00\",\"dateModified\":\"2024-11-01T14:12:13+00:00\",\"description\":\"Ocean Rebellion is an art collective who tackle Ocean degradation and biodiversity loss by conceiving playful, emotive and spectacular art interventions.\",\"breadcrumb\":{\"@id\":\"https:\\\/\\\/oceanrebellion.earth\\\/about\\\/#breadcrumb\"},\"inLanguage\":\"de-DE\",\"potentialAction\":[{\"@type\":\"ReadAction\",\"target\":[\"https:\\\/\\\/oceanrebellion.earth\\\/about\\\/\"]}]},{\"@type\":\"ImageObject\",\"inLanguage\":\"de-DE\",\"@id\":\"https:\\\/\\\/oceanrebellion.earth\\\/about\\\/#primaryimage\",\"url\":\"https:\\\/\\\/ocean-rebellion.onyx-sites.io\\\/wp-content\\\/uploads\\\/2022\\\/08\\\/oceanrebellion-aboutUS-logo.svg\",\"contentUrl\":\"https:\\\/\\\/ocean-rebellion.onyx-sites.io\\\/wp-content\\\/uploads\\\/2022\\\/08\\\/oceanrebellion-aboutUS-logo.svg\"},{\"@type\":\"BreadcrumbList\",\"@id\":\"https:\\\/\\\/oceanrebellion.earth\\\/about\\\/#breadcrumb\",\"itemListElement\":[{\"@type\":\"ListItem\",\"position\":1,\"name\":\"Home\",\"item\":\"https:\\\/\\\/oceanrebellion.earth\\\/\"},{\"@type\":\"ListItem\",\"position\":2,\"name\":\"About us\"}]},{\"@type\":\"WebSite\",\"@id\":\"https:\\\/\\\/oceanrebellion.earth\\\/#website\",\"url\":\"https:\\\/\\\/oceanrebellion.earth\\\/\",\"name\":\"Ocean Rebellion\",\"description\":\"\",\"publisher\":{\"@id\":\"https:\\\/\\\/oceanrebellion.earth\\\/#organization\"},\"potentialAction\":[{\"@type\":\"SearchAction\",\"target\":{\"@type\":\"EntryPoint\",\"urlTemplate\":\"https:\\\/\\\/oceanrebellion.earth\\\/?s={search_term_string}\"},\"query-input\":{\"@type\":\"PropertyValueSpecification\",\"valueRequired\":true,\"valueName\":\"search_term_string\"}}],\"inLanguage\":\"de-DE\"},{\"@type\":\"Organization\",\"@id\":\"https:\\\/\\\/oceanrebellion.earth\\\/#organization\",\"name\":\"Ocean Rebellion\",\"url\":\"https:\\\/\\\/oceanrebellion.earth\\\/\",\"logo\":{\"@type\":\"ImageObject\",\"inLanguage\":\"de-DE\",\"@id\":\"https:\\\/\\\/oceanrebellion.earth\\\/#\\\/schema\\\/logo\\\/image\\\/\",\"url\":\"https:\\\/\\\/ocean-rebellion.onyx-sites.io\\\/wp-content\\\/uploads\\\/2022\\\/08\\\/oceanrebellion-aboutUS-logo.svg\",\"contentUrl\":\"https:\\\/\\\/ocean-rebellion.onyx-sites.io\\\/wp-content\\\/uploads\\\/2022\\\/08\\\/oceanrebellion-aboutUS-logo.svg\",\"width\":540,\"height\":560,\"caption\":\"Ocean Rebellion\"},\"image\":{\"@id\":\"https:\\\/\\\/oceanrebellion.earth\\\/#\\\/schema\\\/logo\\\/image\\\/\"},\"sameAs\":[\"https:\\\/\\\/www.facebook.com\\\/oceanrebellion\",\"https:\\\/\\\/x.com\\\/oceanrebellion\",\"https:\\\/\\\/www.instagram.com\\\/theoceanrebellion\\\/\"]}]}<\/script>\n<!-- \/ Yoast SEO plugin. -->","yoast_head_json":{"title":"\u00dcber uns - Ocean Rebellion","description":"Ocean Rebellion ist ein Kunstkollektiv, das mit spielerischen, emotionalen und spektakul\u00e4ren k\u00fcnstlerischen Interventionen gegen die Zerst\u00f6rung der Ozeane und den Verlust der biologischen Vielfalt vorgeht.","robots":{"index":"index","follow":"follow","max-snippet":"max-snippet:-1","max-image-preview":"max-image-preview:large","max-video-preview":"max-video-preview:-1"},"canonical":"https:\/\/oceanrebellion.earth\/de\/about\/","og_locale":"de_DE","og_type":"article","og_title":"About us - Ocean Rebellion","og_description":"Ocean Rebellion is an art collective who tackle Ocean degradation and biodiversity loss by conceiving playful, emotive and spectacular art interventions.","og_url":"https:\/\/oceanrebellion.earth\/de\/about\/","og_site_name":"Ocean Rebellion","article_publisher":"https:\/\/www.facebook.com\/oceanrebellion","article_modified_time":"2024-11-01T14:12:13+00:00","twitter_card":"summary_large_image","twitter_site":"@oceanrebellion","twitter_misc":{"Est. reading time":"2 minutes"},"schema":{"@context":"https:\/\/schema.org","@graph":[{"@type":"WebPage","@id":"https:\/\/oceanrebellion.earth\/about\/","url":"https:\/\/oceanrebellion.earth\/about\/","name":"\u00dcber uns - Ocean Rebellion","isPartOf":{"@id":"https:\/\/oceanrebellion.earth\/#website"},"primaryImageOfPage":{"@id":"https:\/\/oceanrebellion.earth\/about\/#primaryimage"},"image":{"@id":"https:\/\/oceanrebellion.earth\/about\/#primaryimage"},"thumbnailUrl":"https:\/\/ocean-rebellion.onyx-sites.io\/wp-content\/uploads\/2022\/08\/oceanrebellion-aboutUS-logo.svg","datePublished":"2022-08-22T14:20:55+00:00","dateModified":"2024-11-01T14:12:13+00:00","description":"Ocean Rebellion ist ein Kunstkollektiv, das mit spielerischen, emotionalen und spektakul\u00e4ren k\u00fcnstlerischen Interventionen gegen die Zerst\u00f6rung der Ozeane und den Verlust der biologischen Vielfalt vorgeht.","breadcrumb":{"@id":"https:\/\/oceanrebellion.earth\/about\/#breadcrumb"},"inLanguage":"de-DE","potentialAction":[{"@type":"ReadAction","target":["https:\/\/oceanrebellion.earth\/about\/"]}]},{"@type":"ImageObject","inLanguage":"de-DE","@id":"https:\/\/oceanrebellion.earth\/about\/#primaryimage","url":"https:\/\/ocean-rebellion.onyx-sites.io\/wp-content\/uploads\/2022\/08\/oceanrebellion-aboutUS-logo.svg","contentUrl":"https:\/\/ocean-rebellion.onyx-sites.io\/wp-content\/uploads\/2022\/08\/oceanrebellion-aboutUS-logo.svg"},{"@type":"BreadcrumbList","@id":"https:\/\/oceanrebellion.earth\/about\/#breadcrumb","itemListElement":[{"@type":"ListItem","position":1,"name":"Home","item":"https:\/\/oceanrebellion.earth\/"},{"@type":"ListItem","position":2,"name":"About us"}]},{"@type":"WebSite","@id":"https:\/\/oceanrebellion.earth\/#website","url":"https:\/\/oceanrebellion.earth\/","name":"Rebellion der Ozeane","description":"","publisher":{"@id":"https:\/\/oceanrebellion.earth\/#organization"},"potentialAction":[{"@type":"SearchAction","target":{"@type":"EntryPoint","urlTemplate":"https:\/\/oceanrebellion.earth\/?s={search_term_string}"},"query-input":{"@type":"PropertyValueSpecification","valueRequired":true,"valueName":"search_term_string"}}],"inLanguage":"de-DE"},{"@type":"Organization","@id":"https:\/\/oceanrebellion.earth\/#organization","name":"Rebellion der Ozeane","url":"https:\/\/oceanrebellion.earth\/","logo":{"@type":"ImageObject","inLanguage":"de-DE","@id":"https:\/\/oceanrebellion.earth\/#\/schema\/logo\/image\/","url":"https:\/\/ocean-rebellion.onyx-sites.io\/wp-content\/uploads\/2022\/08\/oceanrebellion-aboutUS-logo.svg","contentUrl":"https:\/\/ocean-rebellion.onyx-sites.io\/wp-content\/uploads\/2022\/08\/oceanrebellion-aboutUS-logo.svg","width":540,"height":560,"caption":"Ocean Rebellion"},"image":{"@id":"https:\/\/oceanrebellion.earth\/#\/schema\/logo\/image\/"},"sameAs":["https:\/\/www.facebook.com\/oceanrebellion","https:\/\/x.com\/oceanrebellion","https:\/\/www.instagram.com\/theoceanrebellion\/"]}]}},"campaignId":"","_links":{"self":[{"href":"https:\/\/oceanrebellion.earth\/de\/wp-json\/wp\/v2\/pages\/19","targetHints":{"allow":["GET"]}}],"collection":[{"href":"https:\/\/oceanrebellion.earth\/de\/wp-json\/wp\/v2\/pages"}],"about":[{"href":"https:\/\/oceanrebellion.earth\/de\/wp-json\/wp\/v2\/types\/page"}],"author":[{"embeddable":true,"href":"https:\/\/oceanrebellion.earth\/de\/wp-json\/wp\/v2\/users\/3"}],"replies":[{"embeddable":true,"href":"https:\/\/oceanrebellion.earth\/de\/wp-json\/wp\/v2\/comments?post=19"}],"version-history":[{"count":22,"href":"https:\/\/oceanrebellion.earth\/de\/wp-json\/wp\/v2\/pages\/19\/revisions"}],"predecessor-version":[{"id":4215,"href":"https:\/\/oceanrebellion.earth\/de\/wp-json\/wp\/v2\/pages\/19\/revisions\/4215"}],"wp:attachment":[{"href":"https:\/\/oceanrebellion.earth\/de\/wp-json\/wp\/v2\/media?parent=19"}],"curies":[{"name":"wp","href":"https:\/\/api.w.org\/{rel}","templated":true}]}}